{"id":9020,"date":"2024-04-02T12:40:36","date_gmt":"2024-04-02T10:40:36","guid":{"rendered":"https:\/\/avcsteam.flandecoco.net\/nosaltres"},"modified":"2024-06-10T10:59:41","modified_gmt":"2024-06-10T08:59:41","slug":"nosaltres","status":"publish","type":"page","link":"https:\/\/avcsteam.flandecoco.net\/ca\/nosaltres","title":{"rendered":"Nosaltres"},"content":{"rendered":"<section class=\"wpb-content-wrapper\"><p>[vc_row full_width=&#8221;stretch_row_content&#8221; content_placement=&#8221;middle&#8221; css=&#8221;.vc_custom_1709742282118{margin-bottom: 60px !important;background-position: center !important;background-repeat: no-repeat !important;background-size: cover !important;}&#8221;][vc_column][vc_row_inner css=&#8221;.vc_custom_1712652506472{padding-left: 15px !important;}&#8221;][vc_column_inner]<div class=\"edgtf-section-title-holder\" style=\"text-align: left\">\n\t\t\t<h2 class=\"edgtf-st-title\" >\n\t\t\t<span>Nosaltres<\/span>\n\t\t<\/h2>\n\t\t<\/div>[\/vc_column_inner][\/vc_row_inner][\/vc_column][\/vc_row][vc_row full_width=&#8221;stretch_row_content&#8221; css=&#8221;.vc_custom_1713195483215{padding-top: 150px !important;padding-bottom: 150px !important;background-image: url(https:\/\/avcsteam.flandecoco.net\/wp-content\/uploads\/2024\/03\/male-two-worker-are-for-inspection-ultrasonic-thickness-roof-plate-dome-top-tank-scaled-1.jpeg?id=8134) !important;background-position: center !important;background-repeat: no-repeat !important;background-size: cover !important;}&#8221;][vc_column][\/vc_column][\/vc_row][vc_row full_width=&#8221;stretch_row_content&#8221; el_class=&#8221;section&#8211;border&#8221;][vc_column][vc_row_inner css=&#8221;.vc_custom_1709548583648{margin-right: 15px !important;margin-left: 15px !important;border-top-width: 1px !important;border-top-color: #e8e8e8 !important;border-top-style: solid !important;}&#8221;][vc_column_inner width=&#8221;1\/2&#8243; css=&#8221;.vc_custom_1712228521053{padding-left: 0px !important;}&#8221;][vc_raw_html el_class=&#8221;tag__label&#8221;]PHNwYW4+VmlzacOzPC9zcGFuPg==[\/vc_raw_html][\/vc_column_inner][vc_column_inner el_class=&#8221;mobile-right-column&#8221; width=&#8221;1\/2&#8243; css=&#8221;.vc_custom_1712654880920{border-left-width: 1px !important;border-left-color: #e8e8e8 !important;border-left-style: solid !important;}&#8221;][vc_column_text css=&#8221;.vc_custom_1712744985334{margin-bottom: 20px !important;padding-top: 0px !important;}&#8221;]<\/p>\n<h3>Diagnostiquem, integrem i solucionem<\/h3>\n<p>[\/vc_column_text][vc_column_text css=&#8221;.vc_custom_1718009954352{margin-bottom: 30px !important;}&#8221;]<\/p>\n<h4>Proposem una visi\u00f3 360 \u00ba de tot el loop de vapor i condensat<\/h4>\n<p>[\/vc_column_text][vc_column_text css=&#8221;.vc_custom_1712236704157{padding-top: 0px !important;}&#8221;]<span style=\"font-weight: 400;\">Som un equip d&#8217;enginyers especialitzats i amb experi\u00e8ncia, amb la missi\u00f3 d&#8217;aconsellar, assessorar i ajudar les empreses a aconseguir el m\u00e0xim rendiment a les instal\u00b7lacions de vapor. Perqu\u00e8 estem conven\u00e7uts que l&#8217;important no \u00e9s nom\u00e9s saber qu\u00e8 passa, sin\u00f3 oferir el millor diagn\u00f2stic i proposar solucions integrals.<\/span><\/p>\n<p><span style=\"font-weight: 400;\">Som un equip d&#8217;enginyers especialitzats i amb experi\u00e8ncia, amb la missi\u00f3 d&#8217;aconsellar, assessorar i ajudar les empreses a aconseguir el m\u00e0xim rendiment a les instal\u00b7lacions de vapor, garantint sempre el m\u00e0xim estalvi energ\u00e8tic amb la m\u00ednima inversi\u00f3 possible.<\/span><\/p>\n<p><span style=\"font-weight: 400;\">A AVC STEAM garantim els millors resultats a cada projecte, partint d&#8217;un assessorament t\u00e8cnic totalment independent, sense vinculaci\u00f3 a cap marca comercial.<\/span>[\/vc_column_text][\/vc_column_inner][\/vc_row_inner][\/vc_column][\/vc_row][vc_row full_width=&#8221;stretch_row_content&#8221; el_class=&#8221;section&#8211;border&#8221; css=&#8221;.vc_custom_1712225571526{background-color: #f5f7fa !important;}&#8221;][vc_column][vc_row_inner css=&#8221;.vc_custom_1709548583648{margin-right: 15px !important;margin-left: 15px !important;border-top-width: 1px !important;border-top-color: #e8e8e8 !important;border-top-style: solid !important;}&#8221;][vc_column_inner width=&#8221;1\/2&#8243; css=&#8221;.vc_custom_1712228539737{padding-left: 0px !important;}&#8221;][vc_raw_html el_class=&#8221;tag__label&#8221;]PHNwYW4+UHJvcG9zdGE8L3NwYW4+[\/vc_raw_html][\/vc_column_inner][vc_column_inner el_class=&#8221;mobile-right-column&#8221; width=&#8221;1\/2&#8243; css=&#8221;.vc_custom_1712654885919{border-left-width: 1px !important;border-left-color: #e8e8e8 !important;border-left-style: solid !important;}&#8221;][vc_column_text css=&#8221;.vc_custom_1712744992893{margin-bottom: 20px !important;}&#8221;]<\/p>\n<h3>Propostes globals per a la millora de l&#8217;efic\u00e0cia energ\u00e8tica i productiva<\/h3>\n<p>[\/vc_column_text][vc_column_text css=&#8221;.vc_custom_1712236878761{margin-bottom: 30px !important;}&#8221;]<\/p>\n<h4>Optimitzaci\u00f3 dels processos, descarbonitzant les plantes i reduint substancialment les emissions de C02 a l&#8217;atmosfera<\/h4>\n<p>[\/vc_column_text][vc_column_text]<span style=\"font-weight: 400;\">Des del 2021, oferim un acompanyament personalitzat a cada client per a una transici\u00f3 sostenible ambientalment, per tal de modernitzar i reconvertir les seves instal\u00b7lacions i per ajudar a assolir els Objectius de Desenvolupament Sostenibles (ODS) marcats a l&#8217;Agenda 2030.<\/span>[\/vc_column_text][\/vc_column_inner][\/vc_row_inner][\/vc_column][\/vc_row][vc_row full_width=&#8221;stretch_row_content&#8221; disable_element=&#8221;yes&#8221; el_class=&#8221;section&#8211;border&#8221;][vc_column][vc_row_inner css=&#8221;.vc_custom_1712239517141{margin-right: 15px !important;margin-left: 15px !important;}&#8221;][vc_column_inner width=&#8221;1\/4&#8243;][vc_raw_html el_class=&#8221;tag__label&#8221;]PHNwYW4+RXF1aXA8L3NwYW4+[\/vc_raw_html][\/vc_column_inner][vc_column_inner width=&#8221;1\/2&#8243;][vc_column_text css=&#8221;.vc_custom_1712239490076{padding-bottom: 35px !important;}&#8221;]<\/p>\n<h2 style=\"text-align: center;\">Coneix l&#8217;equip<\/h2>\n<p>[\/vc_column_text][\/vc_column_inner][vc_column_inner width=&#8221;1\/4&#8243;][\/vc_column_inner][\/vc_row_inner][vc_row_inner equal_height=&#8221;yes&#8221; css=&#8221;.vc_custom_1709554726624{margin-right: 15px !important;margin-left: 15px !important;border-top-width: 1px !important;border-top-color: #e8e8e8 !important;border-top-style: solid !important;}&#8221;][vc_column_inner el_class=&#8221;employee employee-border&#8221; width=&#8221;1\/4&#8243;][vc_single_image image=&#8221;8154&#8243; el_class=&#8221;employee-pic&#8221;][vc_column_text]<\/p>\n<h4>Teo<\/h4>\n<p><span style=\"font-weight: 400;\">Director d&#8217;operacions i comercial<\/span><\/p>\n<p>\u201cEl m\u00e9s important \u00e9s que oferim solucions integrals amb visi\u00f3 360 \u00ba. \u00c9s aix\u00ed com abordem les necessitats dels nostres clients des de la consultoria, enginyeria i el seguiment continu. Aix\u00f2 garanteix que els nostres clients rebin un servei complet i coordinat que maximitza els resultats, redueix els costos operatius i millora la productivitat.\u201d[\/vc_column_text][\/vc_column_inner][vc_column_inner el_class=&#8221;employee employee-border&#8221; width=&#8221;1\/4&#8243;][vc_single_image image=&#8221;8154&#8243; el_class=&#8221;employee-pic&#8221;][vc_column_text]<\/p>\n<h4>Marc<\/h4>\n<p><span style=\"font-weight: 400;\">Direcci\u00f3 t\u00e8cnica i d\u2019enginyeria<\/span><\/p>\n<p>\u201cLes tres qualitats \u00faniques d&#8217;AVC STEAM s\u00f3n que som especialistes en vapor i tenim un coneixement molt espec\u00edfic. A m\u00e9s, la nostra implicaci\u00f3 \u00e9s total, ja que entenem els problemes dels nostres clients i ens posem a la seva pell i, finalment, acompanyem en tots els processos\u201d[\/vc_column_text][\/vc_column_inner][vc_column_inner el_class=&#8221;employee employee-border&#8221; width=&#8221;1\/4&#8243;][vc_single_image image=&#8221;8154&#8243; el_class=&#8221;employee-pic&#8221;][vc_column_text]<\/p>\n<h4>Marta<\/h4>\n<p><span style=\"font-weight: 400;\">Office manager<\/span><\/p>\n<p>&#8220;El millor d&#8217;AVC \u00e9s que transformem el vapor en solucions, gr\u00e0cies al nostre coneixement compartit i a un comprom\u00eds assegurat de principi a fi de cada projecte&#8221;[\/vc_column_text][\/vc_column_inner][vc_column_inner el_class=&#8221;employee&#8221; width=&#8221;1\/4&#8243;][vc_single_image image=&#8221;8154&#8243; el_class=&#8221;employee-pic&#8221;][vc_column_text]<\/p>\n<h4>Clara<\/h4>\n<p><span style=\"font-weight: 400;\">Responsable d\u2019administraci\u00f3<\/span><\/p>\n<p>&#8220;AVC som un equip comprom\u00e8s que cerca sempre una relaci\u00f3 propera amb cada client. Treballem plegats, sempre, per a l&#8217;\u00e8xit.&#8221;[\/vc_column_text][\/vc_column_inner][\/vc_row_inner][\/vc_column][\/vc_row]<\/p>\n<\/section>","protected":false},"excerpt":{"rendered":"<p>[vc_row full_width=&#8221;stretch_row_content&#8221; content_placement=&#8221;middle&#8221; css=&#8221;.vc_custom_1709742282118{margin-bottom: 60px !important;background-position: center !important;background-repeat: no-repeat !important;background-size: cover !important;}&#8221;][vc_column][vc_row_inner css=&#8221;.vc_custom_1712652506472{padding-left: 15px !important;}&#8221;][vc_column_inner][\/vc_column_inner][\/vc_row_inner][\/vc_column][\/vc_row][vc_row full_width=&#8221;stretch_row_content&#8221; css=&#8221;.vc_custom_1713195483215{padding-top: 150px !important;padding-bottom: 150px !important;background-image: url(https:\/\/avcsteam.flandecoco.net\/wp-content\/uploads\/2024\/03\/male-two-worker-are-for-inspection-ultrasonic-thickness-roof-plate-dome-top-tank-scaled-1.jpeg?id=8134) !important;background-position: center !important;background-repeat: no-repeat !important;background-size: cover !important;}&#8221;][vc_column][\/vc_column][\/vc_row][vc_row full_width=&#8221;stretch_row_content&#8221; el_class=&#8221;section&#8211;border&#8221;][vc_column][vc_row_inner css=&#8221;.vc_custom_1709548583648{margin-right: 15px !important;margin-left: 15px !important;border-top-width: 1px !important;border-top-color: #e8e8e8 !important;border-top-style: [&hellip;]<\/p>\n","protected":false},"author":1,"featured_media":0,"parent":0,"menu_order":0,"comment_status":"closed","ping_status":"closed","template":"","meta":{"footnotes":""},"class_list":["post-9020","page","type-page","status-publish","hentry"],"_links":{"self":[{"href":"https:\/\/avcsteam.flandecoco.net\/ca\/wp-json\/wp\/v2\/pages\/9020","targetHints":{"allow":["GET"]}}],"collection":[{"href":"https:\/\/avcsteam.flandecoco.net\/ca\/wp-json\/wp\/v2\/pages"}],"about":[{"href":"https:\/\/avcsteam.flandecoco.net\/ca\/wp-json\/wp\/v2\/types\/page"}],"author":[{"embeddable":true,"href":"https:\/\/avcsteam.flandecoco.net\/ca\/wp-json\/wp\/v2\/users\/1"}],"replies":[{"embeddable":true,"href":"https:\/\/avcsteam.flandecoco.net\/ca\/wp-json\/wp\/v2\/comments?post=9020"}],"version-history":[{"count":6,"href":"https:\/\/avcsteam.flandecoco.net\/ca\/wp-json\/wp\/v2\/pages\/9020\/revisions"}],"predecessor-version":[{"id":9229,"href":"https:\/\/avcsteam.flandecoco.net\/ca\/wp-json\/wp\/v2\/pages\/9020\/revisions\/9229"}],"wp:attachment":[{"href":"https:\/\/avcsteam.flandecoco.net\/ca\/wp-json\/wp\/v2\/media?parent=9020"}],"curies":[{"name":"wp","href":"https:\/\/api.w.org\/{rel}","templated":true}]}}