{"id":9032,"date":"2024-03-26T15:12:44","date_gmt":"2024-03-26T14:12:44","guid":{"rendered":"https:\/\/avcsteam.flandecoco.net\/casos-dexito\/caso-dexito-industria-agroalimentaria"},"modified":"2024-05-30T10:21:09","modified_gmt":"2024-05-30T08:21:09","slug":"industria-agroalimentaria","status":"publish","type":"page","link":"https:\/\/avcsteam.flandecoco.net\/ca\/casos-exit\/industria-agroalimentaria","title":{"rendered":"Industria Agroaliment\u00e0ria"},"content":{"rendered":"<section class=\"wpb-content-wrapper\"><p>[vc_row full_width=&#8221;stretch_row_content&#8221; content_placement=&#8221;middle&#8221; css=&#8221;.vc_custom_1709742282118{margin-bottom: 60px !important;background-position: center !important;background-repeat: no-repeat !important;background-size: cover !important;}&#8221;][vc_column][vc_row_inner css=&#8221;.vc_custom_1709724702418{margin-left: 20px !important;}&#8221;][vc_column_inner]<div class=\"edgtf-section-title-holder\" style=\"text-align: left\">\n\t\t\t<h2 class=\"edgtf-st-title\" style=\"color: #000000\">\n\t\t\t<span>Cas d&#039;\u00e8xit:<\/span>\n\t\t<\/h2>\n\t\t<\/div><div class=\"edgtf-section-title-holder\" style=\"text-align: left\">\n\t\t\t<h2 class=\"edgtf-st-title\" style=\"color: #000000\">\n\t\t\t<span>Industria Agroaliment\u00e0ria<\/span>\n\t\t<\/h2>\n\t\t<\/div>[\/vc_column_inner][\/vc_row_inner][\/vc_column][\/vc_row][vc_row full_width=&#8221;stretch_row_content&#8221; css=&#8221;.vc_custom_1715776342881{padding-top: 150px !important;padding-bottom: 150px !important;background-image: url(https:\/\/avcsteam.flandecoco.net\/wp-content\/uploads\/2024\/05\/man-working-factory.jpg?id=8845) !important;background-position: center !important;background-repeat: no-repeat !important;background-size: cover !important;}&#8221;][vc_column][\/vc_column][\/vc_row][vc_row full_width=&#8221;stretch_row_content&#8221; el_class=&#8221;section&#8211;border&#8221;][vc_column][vc_row_inner css=&#8221;.vc_custom_1709721024333{margin-right: 15px !important;margin-left: 15px !important;}&#8221;][vc_column_inner el_class=&#8221;case-left-col&#8221; width=&#8221;1\/2&#8243;][vc_column_text el_class=&#8221;content__text&#8211;title&#8221;]<\/p>\n<h3>Abast del projecte<\/h3>\n<p>[\/vc_column_text][\/vc_column_inner][vc_column_inner width=&#8221;1\/2&#8243;]<div class=\"edgtf-counter-wc-holder  edgtf-ch-columns-2 edgtf-ch-normal-space\"><div class=\"edgtf-ch-inner\"><div class=\"edgtf-counter-holder edgtf-counter-title-bellow\" >\n\t<div class=\"edgtf-counter-inner\">\n\t\t\t\t\t\t\t<span class=\"edgtf-counter edgtf-zero-counter\" >20<\/span>\n\t\t\t\t\t\t\t<h6 class=\"edgtf-counter-title\" >\n\t\t\t\t% Increment de la producci\u00f3\t\t\t<\/h6>\n\t\t\t\t\t<\/div>\n<\/div><div class=\"edgtf-counter-holder edgtf-counter-title-bellow\" >\n\t<div class=\"edgtf-counter-inner\">\n\t\t\t\t\t\t\t<span class=\"edgtf-counter edgtf-zero-counter\" >5 meses<\/span>\n\t\t\t\t\t\t\t<h6 class=\"edgtf-counter-title\" >\n\t\t\t\tMesos retorn inversi\u00f3\t\t\t<\/h6>\n\t\t\t\t\t<\/div>\n<\/div><\/div><\/div>[\/vc_column_inner][\/vc_row_inner][\/vc_column][\/vc_row][vc_row full_width=&#8221;stretch_row_content&#8221; el_class=&#8221;section&#8211;border&#8221;][vc_column][vc_row_inner css=&#8221;.vc_custom_1709721030232{margin-right: 15px !important;margin-left: 15px !important;}&#8221;][vc_column_inner el_class=&#8221;case-left-col&#8221; width=&#8221;1\/2&#8243;][vc_column_text el_class=&#8221;content__text&#8211;title&#8221;]<\/p>\n<h3>Desafiament<\/h3>\n<p>[\/vc_column_text][\/vc_column_inner][vc_column_inner el_class=&#8221;case-right-col&#8221; width=&#8221;1\/2&#8243;][vc_column_text el_class=&#8221;content__text&#8211;title&#8221;]<\/p>\n<h4>Augmentar la producci\u00f3 el m\u00e0xim que permet\u00e9s les seves instal\u00b7lacions i infraestructures actuals .<\/h4>\n<p>[\/vc_column_text][\/vc_column_inner][\/vc_row_inner][\/vc_column][\/vc_row][vc_row full_width=&#8221;stretch_row_content&#8221; el_class=&#8221;section&#8211;border&#8221;][vc_column][vc_row_inner css=&#8221;.vc_custom_1709721057781{margin-right: 15px !important;margin-left: 15px !important;}&#8221;][vc_column_inner el_class=&#8221;case-left-col&#8221; width=&#8221;1\/2&#8243;][vc_column_text el_class=&#8221;content__text&#8211;title&#8221;]<\/p>\n<h3>Soluci\u00f3<\/h3>\n<p>[\/vc_column_text][\/vc_column_inner][vc_column_inner el_class=&#8221;case-right-col&#8221; width=&#8221;1\/2&#8243;][vc_column_text]Com tots els projectes abordats per AVC, el primer pas consisteix a fer una auditoria de la instal\u00b7laci\u00f3 de vapor. L&#8217;estudi detallat va concloure en una qualitat de vapor baixa (T\u00edtol 0.83) que perjudicava la producci\u00f3, ja que en aquest cas es tractava d&#8217;un proc\u00e9s d&#8217;escalfament directe, \u00e9s a dir, el vapor entrava en contacte directe amb el producte.<br \/>\nDespr\u00e9s de la presentaci\u00f3 de l&#8217;informe de l&#8217;auditoria, on es detallaven els resultats de l&#8217;estudi i les mesures correctives de f\u00e0cil aplicaci\u00f3, l&#8217;equip d&#8217;AVC va realitzar el disseny i la fabricaci\u00f3 d&#8217;equips especials per al tractament del vapor, instal\u00b7lats pel personal del client, els quals van comptar amb el suport i supervisi\u00f3 d&#8217;un enginyer d&#8217;AVC.<br \/>\n[\/vc_column_text][\/vc_column_inner][\/vc_row_inner][\/vc_column][\/vc_row][vc_row full_width=&#8221;stretch_row_content&#8221; el_class=&#8221;section&#8211;border&#8221;][vc_column][vc_row_inner css=&#8221;.vc_custom_1709721063816{margin-right: 15px !important;margin-left: 15px !important;}&#8221;][vc_column_inner el_class=&#8221;case-left-col&#8221; width=&#8221;1\/2&#8243;][vc_column_text el_class=&#8221;content__text&#8211;title&#8221;]<\/p>\n<h3>Conclusi\u00f3<\/h3>\n<p>[\/vc_column_text][\/vc_column_inner][vc_column_inner el_class=&#8221;case-right-col&#8221; width=&#8221;1\/2&#8243;][vc_column_text]La intervenci\u00f3 d\u2019AVC ha proporcionat un augment de la producci\u00f3 del 20% amb una amortitzaci\u00f3 del projecte de menys de 5 mesos.[\/vc_column_text][\/vc_column_inner][\/vc_row_inner][\/vc_column][\/vc_row]<\/p>\n<\/section>","protected":false},"excerpt":{"rendered":"<p>[vc_row full_width=&#8221;stretch_row_content&#8221; content_placement=&#8221;middle&#8221; css=&#8221;.vc_custom_1709742282118{margin-bottom: 60px !important;background-position: center !important;background-repeat: no-repeat !important;background-size: cover !important;}&#8221;][vc_column][vc_row_inner css=&#8221;.vc_custom_1709724702418{margin-left: 20px !important;}&#8221;][vc_column_inner][\/vc_column_inner][\/vc_row_inner][\/vc_column][\/vc_row][vc_row full_width=&#8221;stretch_row_content&#8221; css=&#8221;.vc_custom_1715776342881{padding-top: 150px !important;padding-bottom: 150px !important;background-image: url(https:\/\/avcsteam.flandecoco.net\/wp-content\/uploads\/2024\/05\/man-working-factory.jpg?id=8845) !important;background-position: center !important;background-repeat: no-repeat !important;background-size: cover !important;}&#8221;][vc_column][\/vc_column][\/vc_row][vc_row full_width=&#8221;stretch_row_content&#8221; el_class=&#8221;section&#8211;border&#8221;][vc_column][vc_row_inner css=&#8221;.vc_custom_1709721024333{margin-right: 15px !important;margin-left: 15px !important;}&#8221;][vc_column_inner el_class=&#8221;case-left-col&#8221; width=&#8221;1\/2&#8243;][vc_column_text el_class=&#8221;content__text&#8211;title&#8221;] Abast [&hellip;]<\/p>\n","protected":false},"author":1,"featured_media":0,"parent":9029,"menu_order":0,"comment_status":"closed","ping_status":"closed","template":"","meta":{"footnotes":""},"class_list":["post-9032","page","type-page","status-publish","hentry"],"_links":{"self":[{"href":"https:\/\/avcsteam.flandecoco.net\/ca\/wp-json\/wp\/v2\/pages\/9032","targetHints":{"allow":["GET"]}}],"collection":[{"href":"https:\/\/avcsteam.flandecoco.net\/ca\/wp-json\/wp\/v2\/pages"}],"about":[{"href":"https:\/\/avcsteam.flandecoco.net\/ca\/wp-json\/wp\/v2\/types\/page"}],"author":[{"embeddable":true,"href":"https:\/\/avcsteam.flandecoco.net\/ca\/wp-json\/wp\/v2\/users\/1"}],"replies":[{"embeddable":true,"href":"https:\/\/avcsteam.flandecoco.net\/ca\/wp-json\/wp\/v2\/comments?post=9032"}],"version-history":[{"count":6,"href":"https:\/\/avcsteam.flandecoco.net\/ca\/wp-json\/wp\/v2\/pages\/9032\/revisions"}],"predecessor-version":[{"id":9189,"href":"https:\/\/avcsteam.flandecoco.net\/ca\/wp-json\/wp\/v2\/pages\/9032\/revisions\/9189"}],"up":[{"embeddable":true,"href":"https:\/\/avcsteam.flandecoco.net\/ca\/wp-json\/wp\/v2\/pages\/9029"}],"wp:attachment":[{"href":"https:\/\/avcsteam.flandecoco.net\/ca\/wp-json\/wp\/v2\/media?parent=9032"}],"curies":[{"name":"wp","href":"https:\/\/api.w.org\/{rel}","templated":true}]}}