{"id":9043,"date":"2024-03-06T10:56:27","date_gmt":"2024-03-06T09:56:27","guid":{"rendered":"https:\/\/avcsteam.flandecoco.net\/casos-dexito\/caso-dexito-industria-farmaceutica"},"modified":"2024-06-10T16:02:26","modified_gmt":"2024-06-10T14:02:26","slug":"industria-farmaceutica","status":"publish","type":"page","link":"https:\/\/avcsteam.flandecoco.net\/ca\/casos-exit\/industria-farmaceutica","title":{"rendered":"Industria Farmaceutica"},"content":{"rendered":"<section class=\"wpb-content-wrapper\"><p>[vc_row full_width=&#8221;stretch_row_content&#8221; content_placement=&#8221;middle&#8221; css=&#8221;.vc_custom_1709742282118{margin-bottom: 60px !important;background-position: center !important;background-repeat: no-repeat !important;background-size: cover !important;}&#8221;][vc_column][vc_row_inner css=&#8221;.vc_custom_1709724702418{margin-left: 20px !important;}&#8221;][vc_column_inner]<div class=\"edgtf-section-title-holder\" style=\"text-align: left\">\n\t\t\t<h2 class=\"edgtf-st-title\" style=\"color: #000000\">\n\t\t\t<span>Cas d&#039;\u00e8xit:<\/span>\n\t\t<\/h2>\n\t\t<\/div><div class=\"edgtf-section-title-holder\" style=\"text-align: left\">\n\t\t\t<h2 class=\"edgtf-st-title\" style=\"color: #000000\">\n\t\t\t<span>Industria Farmac\u00e8utica<\/span>\n\t\t<\/h2>\n\t\t<\/div>[\/vc_column_inner][\/vc_row_inner][\/vc_column][\/vc_row][vc_row full_width=&#8221;stretch_row_content&#8221; css=&#8221;.vc_custom_1718028221085{padding-top: 150px !important;padding-bottom: 150px !important;background-image: url(https:\/\/avcsteam.flandecoco.net\/wp-content\/uploads\/2024\/05\/plant-picture-clean-room-equipment-stainless-steel-machines.jpg?id=9010) !important;background-position: center !important;background-repeat: no-repeat !important;background-size: cover !important;}&#8221;][vc_column][\/vc_column][\/vc_row][vc_row full_width=&#8221;stretch_row_content&#8221; el_class=&#8221;section&#8211;border&#8221;][vc_column][vc_row_inner css=&#8221;.vc_custom_1709721024333{margin-right: 15px !important;margin-left: 15px !important;}&#8221;][vc_column_inner el_class=&#8221;case-left-col&#8221; width=&#8221;1\/2&#8243;][vc_column_text el_class=&#8221;content__text&#8211;title&#8221;]<\/p>\n<h3 style=\"font-size: 40px;\">Abast del projecte<\/h3>\n<p>[\/vc_column_text][\/vc_column_inner][vc_column_inner width=&#8221;1\/2&#8243;]<div class=\"edgtf-counter-wc-holder  edgtf-ch-columns-2 edgtf-ch-normal-space\"><div class=\"edgtf-ch-inner\"><div class=\"edgtf-counter-holder edgtf-counter-title-bellow\" >\n\t<div class=\"edgtf-counter-inner\">\n\t\t\t\t\t\t\t<span class=\"edgtf-counter edgtf-zero-counter\" >98000<\/span>\n\t\t\t\t\t\t\t<h6 class=\"edgtf-counter-title\" >\n\t\t\t\t\u20ac Estalvi energ\u00e8tic anual\t\t\t<\/h6>\n\t\t\t\t\t<\/div>\n<\/div><div class=\"edgtf-counter-holder edgtf-counter-title-bellow\" >\n\t<div class=\"edgtf-counter-inner\">\n\t\t\t\t\t\t\t<span class=\"edgtf-counter edgtf-zero-counter\" >4 meses<\/span>\n\t\t\t\t\t\t\t<h6 class=\"edgtf-counter-title\" >\n\t\t\t\tMesos retorn inversi\u00f3\t\t\t<\/h6>\n\t\t\t\t\t<\/div>\n<\/div><div class=\"edgtf-counter-holder edgtf-counter-title-bellow\" >\n\t<div class=\"edgtf-counter-inner\">\n\t\t\t\t\t\t\t<span class=\"edgtf-counter edgtf-zero-counter\" >94 Tn<\/span>\n\t\t\t\t\t\t\t<h6 class=\"edgtf-counter-title\" >\n\t\t\t\tTn reduccions CO2\t\t\t<\/h6>\n\t\t\t\t\t<\/div>\n<\/div><\/div><\/div>[\/vc_column_inner][\/vc_row_inner][\/vc_column][\/vc_row][vc_row full_width=&#8221;stretch_row_content&#8221; el_class=&#8221;section&#8211;border&#8221;][vc_column][vc_row_inner css=&#8221;.vc_custom_1709721030232{margin-right: 15px !important;margin-left: 15px !important;}&#8221;][vc_column_inner el_class=&#8221;case-left-col&#8221; width=&#8221;1\/2&#8243;][vc_column_text el_class=&#8221;content__text&#8211;title&#8221;]<\/p>\n<h3 style=\"font-size: 40px;\">Desafiament<\/h3>\n<p>[\/vc_column_text][\/vc_column_inner][vc_column_inner el_class=&#8221;case-right-col&#8221; width=&#8221;1\/2&#8243;][vc_column_text el_class=&#8221;content__text&#8211;title&#8221;]<strong style=\"font-size: 24px; font-family: 'Clash'; font-weight: 500;\">Reduir el consum energ\u00e8tic i millorar el rendiment global de la planta .<\/strong>[\/vc_column_text][\/vc_column_inner][\/vc_row_inner][\/vc_column][\/vc_row][vc_row full_width=&#8221;stretch_row_content&#8221; el_class=&#8221;section&#8211;border&#8221;][vc_column][vc_row_inner css=&#8221;.vc_custom_1709721057781{margin-right: 15px !important;margin-left: 15px !important;}&#8221;][vc_column_inner el_class=&#8221;case-left-col&#8221; width=&#8221;1\/2&#8243;][vc_column_text el_class=&#8221;content__text&#8211;title&#8221;]<\/p>\n<h3 style=\"font-size: 40px;\">Soluci\u00f3<\/h3>\n<p>[\/vc_column_text][\/vc_column_inner][vc_column_inner el_class=&#8221;case-right-col&#8221; width=&#8221;1\/2&#8243;][vc_column_text]L\u2019auditoria realitzada per l\u2019equip t\u00e8cnic d\u2019AVC va revelar que el 19% dels 179 purgadors de vapor de la planta estaven bloquejats, \u00e9s a dir, no descarregaven correctament el condensat. Tamb\u00e9 es va detectar que el 27% dels purgadors no tancaven correctament, cosa que implicava unes p\u00e8rdues de vapor considerables.<\/p>\n<p>&nbsp;<\/p>\n<p>Tamb\u00e9 es va detectar un a\u00efllament t\u00e8rmic deteriorat en gran part del tra\u00e7at de distribuci\u00f3 de vapor, aix\u00ed com la inexist\u00e8ncia d&#8217;a\u00efllament en v\u00e0lvules de proc\u00e9s.<\/p>\n<p>&nbsp;<\/p>\n<p>Despr\u00e9s de la presentaci\u00f3 de l&#8217;informe de l&#8217;auditoria, on es detallaven els resultats de l&#8217;estudi i les mesures correctives de f\u00e0cil aplicaci\u00f3, l&#8217;equip d&#8217;AVC va realitzar les reparacions, les modificacions i les substitucions clau en m\u00e0 en tots els grups de purga \u00abavariats\u00bb i va completar el projecte amb el subministrament de mantes t\u00e8rmiques d&#8217;alt rendiment per a v\u00e0lvules i equips fabricats a mida.[\/vc_column_text][\/vc_column_inner][\/vc_row_inner][\/vc_column][\/vc_row][vc_row full_width=&#8221;stretch_row_content&#8221; el_class=&#8221;section&#8211;border&#8221;][vc_column][vc_row_inner css=&#8221;.vc_custom_1709721063816{margin-right: 15px !important;margin-left: 15px !important;}&#8221;][vc_column_inner el_class=&#8221;case-left-col&#8221; width=&#8221;1\/2&#8243;][vc_column_text el_class=&#8221;content__text&#8211;title&#8221;]<\/p>\n<h3 style=\"font-size: 40px;\">Conclusi\u00f3<\/h3>\n<p>[\/vc_column_text][\/vc_column_inner][vc_column_inner el_class=&#8221;case-right-col&#8221; width=&#8221;1\/2&#8243;][vc_column_text]La intervenci\u00f3 d\u2019AVC ha proporcionat un estalvi energ\u00e8tic anual estimat de 98.000\u20ac amb una amortitzaci\u00f3 del projecte de menys de 4 mesos i una reducci\u00f3 de les emissions de CO2 de 94 Tn.[\/vc_column_text][\/vc_column_inner][\/vc_row_inner][\/vc_column][\/vc_row]<\/p>\n<\/section>","protected":false},"excerpt":{"rendered":"<p>[vc_row full_width=&#8221;stretch_row_content&#8221; content_placement=&#8221;middle&#8221; css=&#8221;.vc_custom_1709742282118{margin-bottom: 60px !important;background-position: center !important;background-repeat: no-repeat !important;background-size: cover !important;}&#8221;][vc_column][vc_row_inner css=&#8221;.vc_custom_1709724702418{margin-left: 20px !important;}&#8221;][vc_column_inner][\/vc_column_inner][\/vc_row_inner][\/vc_column][\/vc_row][vc_row full_width=&#8221;stretch_row_content&#8221; css=&#8221;.vc_custom_1718028221085{padding-top: 150px !important;padding-bottom: 150px !important;background-image: url(https:\/\/avcsteam.flandecoco.net\/wp-content\/uploads\/2024\/05\/plant-picture-clean-room-equipment-stainless-steel-machines.jpg?id=9010) !important;background-position: center !important;background-repeat: no-repeat !important;background-size: cover !important;}&#8221;][vc_column][\/vc_column][\/vc_row][vc_row full_width=&#8221;stretch_row_content&#8221; el_class=&#8221;section&#8211;border&#8221;][vc_column][vc_row_inner css=&#8221;.vc_custom_1709721024333{margin-right: 15px !important;margin-left: 15px !important;}&#8221;][vc_column_inner el_class=&#8221;case-left-col&#8221; width=&#8221;1\/2&#8243;][vc_column_text el_class=&#8221;content__text&#8211;title&#8221;] Abast [&hellip;]<\/p>\n","protected":false},"author":1,"featured_media":0,"parent":9029,"menu_order":0,"comment_status":"closed","ping_status":"closed","template":"","meta":{"footnotes":""},"class_list":["post-9043","page","type-page","status-publish","hentry"],"_links":{"self":[{"href":"https:\/\/avcsteam.flandecoco.net\/ca\/wp-json\/wp\/v2\/pages\/9043","targetHints":{"allow":["GET"]}}],"collection":[{"href":"https:\/\/avcsteam.flandecoco.net\/ca\/wp-json\/wp\/v2\/pages"}],"about":[{"href":"https:\/\/avcsteam.flandecoco.net\/ca\/wp-json\/wp\/v2\/types\/page"}],"author":[{"embeddable":true,"href":"https:\/\/avcsteam.flandecoco.net\/ca\/wp-json\/wp\/v2\/users\/1"}],"replies":[{"embeddable":true,"href":"https:\/\/avcsteam.flandecoco.net\/ca\/wp-json\/wp\/v2\/comments?post=9043"}],"version-history":[{"count":8,"href":"https:\/\/avcsteam.flandecoco.net\/ca\/wp-json\/wp\/v2\/pages\/9043\/revisions"}],"predecessor-version":[{"id":9264,"href":"https:\/\/avcsteam.flandecoco.net\/ca\/wp-json\/wp\/v2\/pages\/9043\/revisions\/9264"}],"up":[{"embeddable":true,"href":"https:\/\/avcsteam.flandecoco.net\/ca\/wp-json\/wp\/v2\/pages\/9029"}],"wp:attachment":[{"href":"https:\/\/avcsteam.flandecoco.net\/ca\/wp-json\/wp\/v2\/media?parent=9043"}],"curies":[{"name":"wp","href":"https:\/\/api.w.org\/{rel}","templated":true}]}}