{"id":9070,"date":"2024-04-09T12:05:54","date_gmt":"2024-04-09T10:05:54","guid":{"rendered":"https:\/\/avcsteam.flandecoco.net\/sectors\/pharma"},"modified":"2024-06-10T16:01:51","modified_gmt":"2024-06-10T14:01:51","slug":"pharma","status":"publish","type":"page","link":"https:\/\/avcsteam.flandecoco.net\/ca\/sectors\/pharma","title":{"rendered":"Pharma"},"content":{"rendered":"<section class=\"wpb-content-wrapper\"><p>[vc_row full_width=&#8221;stretch_row_content&#8221; content_placement=&#8221;middle&#8221; css=&#8221;.vc_custom_1709742282118{margin-bottom: 60px !important;background-position: center !important;background-repeat: no-repeat !important;background-size: cover !important;}&#8221;][vc_column][vc_row_inner css=&#8221;.vc_custom_1709724702418{margin-left: 20px !important;}&#8221;][vc_column_inner]<div class=\"edgtf-section-title-holder\" style=\"text-align: left\">\n\t\t\t<h2 class=\"edgtf-st-title\" style=\"color: #000000\">\n\t\t\t<span>Sector:<\/span>\n\t\t<\/h2>\n\t\t<\/div><div class=\"edgtf-section-title-holder\" style=\"text-align: left\">\n\t\t\t<h2 class=\"edgtf-st-title\" style=\"color: #000000\">\n\t\t\t<span>Pharma<\/span>\n\t\t<\/h2>\n\t\t<\/div>[\/vc_column_inner][\/vc_row_inner][\/vc_column][\/vc_row][vc_row full_width=&#8221;stretch_row_content&#8221; css=&#8221;.vc_custom_1715776188601{padding-top: 150px !important;padding-bottom: 150px !important;background-image: url(https:\/\/avcsteam.flandecoco.net\/wp-content\/uploads\/2024\/03\/factory-worker-technologist-in-protective-uniform-with-hairnet-and-mask-controlling-food-production-on-tablet-computer-2.jpeg?id=8154) !important;background-position: center !important;background-repeat: no-repeat !important;background-size: cover !important;}&#8221;][vc_column][\/vc_column][\/vc_row][vc_row full_width=&#8221;stretch_row_content&#8221; el_class=&#8221;section&#8211;border&#8221;][vc_column][vc_row_inner css=&#8221;.vc_custom_1709548583648{margin-right: 15px !important;margin-left: 15px !important;border-top-width: 1px !important;border-top-color: #e8e8e8 !important;border-top-style: solid !important;}&#8221;][vc_column_inner width=&#8221;1\/2&#8243; css=&#8221;.vc_custom_1712228539737{padding-left: 0px !important;}&#8221;][vc_raw_html el_class=&#8221;tag__label&#8221;]PHNwYW4+UXXDqCBmZW08L3NwYW4+[\/vc_raw_html][\/vc_column_inner][vc_column_inner el_class=&#8221;mobile-right-column cs-card&#8221; width=&#8221;1\/2&#8243; css=&#8221;.vc_custom_1712669656354{border-left-width: 1px !important;border-left-color: #e8e8e8 !important;border-left-style: solid !important;}&#8221;][vc_column_text]Solucions espec\u00edfiques per a una ind\u00fastria amb requeriments altament exigents<\/p>\n<p><span style=\"font-weight: 400;\">El sector pharma i la ind\u00fastria qu\u00edmica fina en general es mou amb uns <\/span>est\u00e0ndards de qualitat i seguretat<span style=\"font-weight: 400;\"> marcats per la garantia del producte per al consumidor final. Est\u00e0ndards que afecten tot el proc\u00e9s de producci\u00f3 i als quals cal atendre <\/span>especial atenci\u00f3<span style=\"font-weight: 400;\">.<\/span><\/p>\n<p><span style=\"font-weight: 400;\">Per emprendre <\/span>solucions espec\u00edfiques<span style=\"font-weight: 400;\"> en qualsevol sistema de vapor a la ind\u00fastria farmac\u00e8utica, l&#8217;<\/span>especialitzaci\u00f3<span style=\"font-weight: 400;\"> \u00e9s de vital import\u00e0ncia. A m\u00e9s, cal treballar amb la premissa que la <\/span>innovaci\u00f3 i la R+D<span style=\"font-weight: 400;\"> marquen el desenvolupament de qualsevol nou producte.<\/span><\/p>\n<p>AVC Steam som els millors aliats<span style=\"font-weight: 400;\"> a l&#8217;hora d&#8217;emprendre qualsevol proc\u00e9s on el vapor hi t\u00e9 un paper determinant i, sempre, amb la necessitat de complir totes les <\/span>normes internacionals, especialment exigents en aquests sectors<span style=\"font-weight: 400;\">.<\/span>[\/vc_column_text][\/vc_column_inner][\/vc_row_inner][\/vc_column][\/vc_row][vc_row full_width=&#8221;stretch_row_content&#8221; el_class=&#8221;section&#8211;border case-sector&#8221; css=&#8221;.vc_custom_1715770376551{background-color: #f5f7fa !important;}&#8221;][vc_column][vc_row_inner css=&#8221;.vc_custom_1712675606665{margin-right: 15px !important;margin-left: 15px !important;}&#8221;][vc_column_inner width=&#8221;1\/2&#8243; css=&#8221;.vc_custom_1712228539737{padding-left: 0px !important;}&#8221;][vc_raw_html el_class=&#8221;tag__label&#8221;]JTNDc3BhbiUzRUNhcyUyMGQlMjclQzMlQTh4aXQlM0MlMkZzcGFuJTNF[\/vc_raw_html][\/vc_column_inner][vc_column_inner el_class=&#8221;card-white cs-card&#8221; width=&#8221;1\/2&#8243;][vc_column_text]<\/p>\n<h4><a href=\"https:\/\/avcsteam.flandecoco.net\/ca\/casos-exit\/industria-farmaceutica\">Cas d&#8217;\u00e8xit: Industria Farmac\u00e8utica<\/a><\/h4>\n<p>[\/vc_column_text][vc_single_image image=&#8221;8847&#8243; img_size=&#8221;full&#8221;][\/vc_column_inner][\/vc_row_inner][\/vc_column][\/vc_row][vc_row full_width=&#8221;stretch_row_content&#8221; el_class=&#8221;section&#8211;border&#8221; css=&#8221;.vc_custom_1713253551139{margin-bottom: 0px !important;}&#8221;][vc_column][vc_row_inner css=&#8221;.vc_custom_1709548583648{margin-right: 15px !important;margin-left: 15px !important;border-top-width: 1px !important;border-top-color: #e8e8e8 !important;border-top-style: solid !important;}&#8221;][vc_column_inner css=&#8221;.vc_custom_1712228539737{padding-left: 0px !important;}&#8221;][vc_raw_html el_class=&#8221;tag__label&#8221; css=&#8221;.vc_custom_1713253422538{margin-bottom: 30px !important;}&#8221;]PHNwYW4+UG9zdHMgUmVsYWNpb25hdHM8L3NwYW4+[\/vc_raw_html]<div class=\"edgtf-blog-list-holder edgtf-bl-boxed edgtf-bl-three-columns edgtf-bl-normal-space edgtf-bl-pag-no-pagination\"  data-type=boxed data-number-of-posts=3 data-number-of-columns=3 data-space-between-columns=normal data-order-by=date data-order=DESC data-image-size=large data-title-tag=h4 data-excerpt-length=90 data-post-info-section=yes data-post-info-image=yes data-post-info-author=yes data-post-info-date=yes data-post-info-category=yes data-post-info-comments=no data-post-info-like=no data-post-info-share=no data-pagination-type=no-pagination data-max-num-pages=1 data-next-page=2>\n\t<div class=\"edgtf-bl-wrapper\">\n\t\t<ul class=\"edgtf-blog-list\">\n\t\t\t<li class=\"edgtf-bl-item clearfix\">\n\t<div class=\"edgtf-bli-inner\">\n        \n\t<div class=\"edgtf-post-image\">\n        \t\t    <a itemprop=\"url\" href=\"https:\/\/avcsteam.flandecoco.net\/ca\/sin-categoria-ca-2\/hola-mundo\" title=\"\u00a1Hola, mundo!\">\n                            <img loading=\"lazy\" decoding=\"async\" width=\"1024\" height=\"684\" src=\"https:\/\/avcsteam.flandecoco.net\/wp-content\/uploads\/2024\/03\/professional-welder-welding-pipe-on-pipeline-construction-scaled-1-1024x684.jpeg\" class=\"attachment-large size-large wp-post-image\" alt=\"\" srcset=\"https:\/\/avcsteam.flandecoco.net\/wp-content\/uploads\/2024\/03\/professional-welder-welding-pipe-on-pipeline-construction-scaled-1-1024x684.jpeg 1024w, https:\/\/avcsteam.flandecoco.net\/wp-content\/uploads\/2024\/03\/professional-welder-welding-pipe-on-pipeline-construction-scaled-1-300x200.jpeg 300w, https:\/\/avcsteam.flandecoco.net\/wp-content\/uploads\/2024\/03\/professional-welder-welding-pipe-on-pipeline-construction-scaled-1-768x513.jpeg 768w, https:\/\/avcsteam.flandecoco.net\/wp-content\/uploads\/2024\/03\/professional-welder-welding-pipe-on-pipeline-construction-scaled-1-1536x1025.jpeg 1536w\" sizes=\"auto, (max-width: 1024px) 100vw, 1024px\" \/>                \t\t    <\/a>\n        \t<\/div>\n\n        <div class=\"edgtf-bli-content\">\n\t        <div itemprop=\"dateCreated\" class=\"edgtf-post-info-date entry-date published updated\">\n            <a itemprop=\"url\" href=\"https:\/\/avcsteam.flandecoco.net\/ca\/2024\/02\">\n    \n        28 de febrer de 2024        <\/a>\n    <meta itemprop=\"interactionCount\" content=\"UserComments: 0\"\/>\n<\/div>\n            \n<h4 itemprop=\"name\" class=\"entry-title edgtf-post-title\">\n            <a itemprop=\"url\" href=\"https:\/\/avcsteam.flandecoco.net\/ca\/sin-categoria-ca-2\/hola-mundo\" title=\"\u00a1Hola, mundo!\">\n            \u00a1Hola, mundo!            <\/a>\n    <\/h4>\n                            <div class=\"edgtf-bli-info\">\n                    <div class=\"edgtf-post-info-category\">\n    <a href=\"https:\/\/avcsteam.flandecoco.net\/ca\/category\/sin-categoria-ca-2\" rel=\"category tag\">Sin categor\u00eda<\/a><\/div><div class=\"edgtf-post-info-author\">\n    <span class=\"edgtf-post-info-author-text\">\n        By    <\/span>\n    <a itemprop=\"author\" class=\"edgtf-post-info-author-link\" href=\"https:\/\/avcsteam.flandecoco.net\/ca\/author\/admin\">\n        admin    <\/a>\n<\/div>                <\/div>\n                        <div class=\"edgtf-bli-excerpt\">\n                    <div class=\"edgtf-post-excerpt-holder\">\n        <p itemprop=\"description\" class=\"edgtf-post-excerpt\">\n            [vc_row][vc_column][vc_column_text]\r\n\r\nLorem ipsum dolor sit amet, consectetur adipiscing elit. Sed vulputate velit orci, non congue lorem dictum eu. Nam rhoncus lobortis faucibus. Nulla justo diam, auctor nec elit at, convallis laoreet diam. Curabitur interdum lacinia luctus. Maecenas id nisi at massa convallis consequat et sed mauris. Nam aliquam dui dapibus, dapibus nisi quis, hendrerit tellus. Ut ut enim ac erat pulvinar convallis. Curabitur sit amet urna eget arcu congue dignissim. Donec et congue ante. Duis ut mi et nulla aliquam fermentum varius et turpis.\n\n&nbsp;\n\nNam dignissim diam nec gravida tempus. Phasellus sed        <\/p>\n    <\/div>\n                <div class=\"edgtf-post-read-more-button\">\n<a itemprop=\"url\" href=\"https:\/\/avcsteam.flandecoco.net\/ca\/sin-categoria-ca-2\/hola-mundo\" target=\"_self\"  class=\"edgtf-btn edgtf-btn-medium edgtf-btn-simple edgtf-btn-icon edgtf-blog-list-button\"  >    <span class=\"edgtf-btn-text\">Read more<\/span>    <i class=\"edgtf-icon-ion-icon ion-android-arrow-forward \" ><\/i><\/a><\/div>\n            <\/div>\n        <\/div>\n\t<\/div>\n<\/li><li class=\"edgtf-bl-item clearfix\">\n\t<div class=\"edgtf-bli-inner\">\n        \n\t<div class=\"edgtf-post-image\">\n        \t\t    <a itemprop=\"url\" href=\"https:\/\/avcsteam.flandecoco.net\/ca\/videos-ca\/fine-art-extends-abilities\" title=\"Fine Art Extends Abilities\">\n                            <img loading=\"lazy\" decoding=\"async\" width=\"630\" height=\"428\" src=\"https:\/\/avcsteam.flandecoco.net\/wp-content\/uploads\/2024\/02\/6536c1c9be4cde4941e633d3_3-construction-team.jpg\" class=\"attachment-large size-large wp-post-image\" alt=\"\" srcset=\"https:\/\/avcsteam.flandecoco.net\/wp-content\/uploads\/2024\/02\/6536c1c9be4cde4941e633d3_3-construction-team.jpg 630w, https:\/\/avcsteam.flandecoco.net\/wp-content\/uploads\/2024\/02\/6536c1c9be4cde4941e633d3_3-construction-team-300x204.jpg 300w\" sizes=\"auto, (max-width: 630px) 100vw, 630px\" \/>                \t\t    <\/a>\n        \t<\/div>\n\n        <div class=\"edgtf-bli-content\">\n\t        <div itemprop=\"dateCreated\" class=\"edgtf-post-info-date entry-date published updated\">\n            <a itemprop=\"url\" href=\"https:\/\/avcsteam.flandecoco.net\/ca\/2017\/01\">\n    \n        4 de gener de 2017        <\/a>\n    <meta itemprop=\"interactionCount\" content=\"UserComments: 0\"\/>\n<\/div>\n            \n<h4 itemprop=\"name\" class=\"entry-title edgtf-post-title\">\n            <a itemprop=\"url\" href=\"https:\/\/avcsteam.flandecoco.net\/ca\/videos-ca\/fine-art-extends-abilities\" title=\"Fine Art Extends Abilities\">\n            Fine Art Extends Abilities            <\/a>\n    <\/h4>\n                            <div class=\"edgtf-bli-info\">\n                    <div class=\"edgtf-post-info-category\">\n    <a href=\"https:\/\/avcsteam.flandecoco.net\/ca\/category\/videos-ca\" rel=\"category tag\">Videos<\/a><\/div><div class=\"edgtf-post-info-author\">\n    <span class=\"edgtf-post-info-author-text\">\n        By    <\/span>\n    <a itemprop=\"author\" class=\"edgtf-post-info-author-link\" href=\"https:\/\/avcsteam.flandecoco.net\/ca\/author\/admin\">\n        admin    <\/a>\n<\/div>                <\/div>\n                        <div class=\"edgtf-bli-excerpt\">\n                    <div class=\"edgtf-post-excerpt-holder\">\n        <p itemprop=\"description\" class=\"edgtf-post-excerpt\">\n             Lorem ipsum dolor siter Cum sociis natoque penatibus et magnis parturient montes, it nascetur ridiculus mus. Donec quam felis, ultricies nec, since pellentesque eu, pretium quis,        <\/p>\n    <\/div>\n                <div class=\"edgtf-post-read-more-button\">\n<a itemprop=\"url\" href=\"https:\/\/avcsteam.flandecoco.net\/ca\/videos-ca\/fine-art-extends-abilities\" target=\"_self\"  class=\"edgtf-btn edgtf-btn-medium edgtf-btn-simple edgtf-btn-icon edgtf-blog-list-button\"  >    <span class=\"edgtf-btn-text\">Read more<\/span>    <i class=\"edgtf-icon-ion-icon ion-android-arrow-forward \" ><\/i><\/a><\/div>\n            <\/div>\n        <\/div>\n\t<\/div>\n<\/li><li class=\"edgtf-bl-item clearfix\">\n\t<div class=\"edgtf-bli-inner\">\n        \n\t<div class=\"edgtf-post-image\">\n        \t\t    <a itemprop=\"url\" href=\"https:\/\/avcsteam.flandecoco.net\/ca\/videos-ca\/what-may-someone-know\" title=\"What may someone know\">\n                            <img loading=\"lazy\" decoding=\"async\" width=\"630\" height=\"430\" src=\"https:\/\/avcsteam.flandecoco.net\/wp-content\/uploads\/2024\/02\/6536c09148df2d5f28c74c2a_2-wind-turbine.jpg\" class=\"attachment-large size-large wp-post-image\" alt=\"\" srcset=\"https:\/\/avcsteam.flandecoco.net\/wp-content\/uploads\/2024\/02\/6536c09148df2d5f28c74c2a_2-wind-turbine.jpg 630w, https:\/\/avcsteam.flandecoco.net\/wp-content\/uploads\/2024\/02\/6536c09148df2d5f28c74c2a_2-wind-turbine-300x205.jpg 300w\" sizes=\"auto, (max-width: 630px) 100vw, 630px\" \/>                \t\t    <\/a>\n        \t<\/div>\n\n        <div class=\"edgtf-bli-content\">\n\t        <div itemprop=\"dateCreated\" class=\"edgtf-post-info-date entry-date published updated\">\n            <a itemprop=\"url\" href=\"https:\/\/avcsteam.flandecoco.net\/ca\/2017\/01\">\n    \n        4 de gener de 2017        <\/a>\n    <meta itemprop=\"interactionCount\" content=\"UserComments: 0\"\/>\n<\/div>\n            \n<h4 itemprop=\"name\" class=\"entry-title edgtf-post-title\">\n            <a itemprop=\"url\" href=\"https:\/\/avcsteam.flandecoco.net\/ca\/videos-ca\/what-may-someone-know\" title=\"What may someone know\">\n            What may someone know            <\/a>\n    <\/h4>\n                            <div class=\"edgtf-bli-info\">\n                    <div class=\"edgtf-post-info-category\">\n    <a href=\"https:\/\/avcsteam.flandecoco.net\/ca\/category\/videos-ca\" rel=\"category tag\">Videos<\/a><\/div><div class=\"edgtf-post-info-author\">\n    <span class=\"edgtf-post-info-author-text\">\n        By    <\/span>\n    <a itemprop=\"author\" class=\"edgtf-post-info-author-link\" href=\"https:\/\/avcsteam.flandecoco.net\/ca\/author\/admin\">\n        admin    <\/a>\n<\/div>                <\/div>\n                        <div class=\"edgtf-bli-excerpt\">\n                    <div class=\"edgtf-post-excerpt-holder\">\n        <p itemprop=\"description\" class=\"edgtf-post-excerpt\">\n            Map where your photos were taken and discover local points of interest map where your photos were. Lorem ipsum dolor siter Cum sociis natoque penatibus et magnis parturient montes, it nascetur ridiculus mus. Donec quam felis, ultricies nec, since pellentesque eu, pretium quis,        <\/p>\n    <\/div>\n                <div class=\"edgtf-post-read-more-button\">\n<a itemprop=\"url\" href=\"https:\/\/avcsteam.flandecoco.net\/ca\/videos-ca\/what-may-someone-know\" target=\"_self\"  class=\"edgtf-btn edgtf-btn-medium edgtf-btn-simple edgtf-btn-icon edgtf-blog-list-button\"  >    <span class=\"edgtf-btn-text\">Read more<\/span>    <i class=\"edgtf-icon-ion-icon ion-android-arrow-forward \" ><\/i><\/a><\/div>\n            <\/div>\n        <\/div>\n\t<\/div>\n<\/li>\t\t<\/ul>\n\t<\/div>\n\t<\/div>[\/vc_column_inner][\/vc_row_inner][\/vc_column][\/vc_row]<\/p>\n<\/section>","protected":false},"excerpt":{"rendered":"<p>[vc_row full_width=&#8221;stretch_row_content&#8221; content_placement=&#8221;middle&#8221; css=&#8221;.vc_custom_1709742282118{margin-bottom: 60px !important;background-position: center !important;background-repeat: no-repeat !important;background-size: cover !important;}&#8221;][vc_column][vc_row_inner css=&#8221;.vc_custom_1709724702418{margin-left: 20px !important;}&#8221;][vc_column_inner][\/vc_column_inner][\/vc_row_inner][\/vc_column][\/vc_row][vc_row full_width=&#8221;stretch_row_content&#8221; css=&#8221;.vc_custom_1715776188601{padding-top: 150px !important;padding-bottom: 150px !important;background-image: url(https:\/\/avcsteam.flandecoco.net\/wp-content\/uploads\/2024\/03\/factory-worker-technologist-in-protective-uniform-with-hairnet-and-mask-controlling-food-production-on-tablet-computer-2.jpeg?id=8154) !important;background-position: center !important;background-repeat: no-repeat !important;background-size: cover !important;}&#8221;][vc_column][\/vc_column][\/vc_row][vc_row full_width=&#8221;stretch_row_content&#8221; el_class=&#8221;section&#8211;border&#8221;][vc_column][vc_row_inner css=&#8221;.vc_custom_1709548583648{margin-right: 15px !important;margin-left: 15px !important;border-top-width: 1px !important;border-top-color: #e8e8e8 !important;border-top-style: [&hellip;]<\/p>\n","protected":false},"author":1,"featured_media":0,"parent":9023,"menu_order":0,"comment_status":"closed","ping_status":"closed","template":"","meta":{"footnotes":""},"class_list":["post-9070","page","type-page","status-publish","hentry"],"_links":{"self":[{"href":"https:\/\/avcsteam.flandecoco.net\/ca\/wp-json\/wp\/v2\/pages\/9070","targetHints":{"allow":["GET"]}}],"collection":[{"href":"https:\/\/avcsteam.flandecoco.net\/ca\/wp-json\/wp\/v2\/pages"}],"about":[{"href":"https:\/\/avcsteam.flandecoco.net\/ca\/wp-json\/wp\/v2\/types\/page"}],"author":[{"embeddable":true,"href":"https:\/\/avcsteam.flandecoco.net\/ca\/wp-json\/wp\/v2\/users\/1"}],"replies":[{"embeddable":true,"href":"https:\/\/avcsteam.flandecoco.net\/ca\/wp-json\/wp\/v2\/comments?post=9070"}],"version-history":[{"count":6,"href":"https:\/\/avcsteam.flandecoco.net\/ca\/wp-json\/wp\/v2\/pages\/9070\/revisions"}],"predecessor-version":[{"id":9263,"href":"https:\/\/avcsteam.flandecoco.net\/ca\/wp-json\/wp\/v2\/pages\/9070\/revisions\/9263"}],"up":[{"embeddable":true,"href":"https:\/\/avcsteam.flandecoco.net\/ca\/wp-json\/wp\/v2\/pages\/9023"}],"wp:attachment":[{"href":"https:\/\/avcsteam.flandecoco.net\/ca\/wp-json\/wp\/v2\/media?parent=9070"}],"curies":[{"name":"wp","href":"https:\/\/api.w.org\/{rel}","templated":true}]}}