{"id":9090,"date":"2024-04-18T13:07:11","date_gmt":"2024-04-18T11:07:11","guid":{"rendered":"https:\/\/avcsteam.flandecoco.net\/serveis\/data"},"modified":"2024-05-30T08:19:55","modified_gmt":"2024-05-30T06:19:55","slug":"data","status":"publish","type":"page","link":"https:\/\/avcsteam.flandecoco.net\/ca\/serveis\/data","title":{"rendered":"DATA"},"content":{"rendered":"<section class=\"wpb-content-wrapper\"><p>[vc_row full_width=&#8221;stretch_row_content&#8221; content_placement=&#8221;middle&#8221; css=&#8221;.vc_custom_1709742282118{margin-bottom: 60px !important;background-position: center !important;background-repeat: no-repeat !important;background-size: cover !important;}&#8221;][vc_column][vc_row_inner css=&#8221;.vc_custom_1709724702418{margin-left: 20px !important;}&#8221;][vc_column_inner][vc_column_text]<\/p>\n<h2>Serveis:<br \/>\nDATA<\/h2>\n<p>[\/vc_column_text][\/vc_column_inner][\/vc_row_inner][\/vc_column][\/vc_row][vc_row full_width=&#8221;stretch_row_content&#8221; css=&#8221;.vc_custom_1713438509498{padding-top: 150px !important;padding-bottom: 150px !important;background-image: url(https:\/\/avcsteam.flandecoco.net\/wp-content\/uploads\/2024\/04\/businesspeople-working-finance-accounting-analyze-financial-graph-budget-planning-future-office-room-scaled.jpg?id=8699) !important;background-position: center !important;background-repeat: no-repeat !important;background-size: cover !important;}&#8221;][vc_column][\/vc_column][\/vc_row][vc_row full_width=&#8221;stretch_row_content&#8221; el_class=&#8221;section&#8211;border&#8221;][vc_column][vc_row_inner css=&#8221;.vc_custom_1709548583648{margin-right: 15px !important;margin-left: 15px !important;border-top-width: 1px !important;border-top-color: #e8e8e8 !important;border-top-style: solid !important;}&#8221;][vc_column_inner width=&#8221;1\/2&#8243; css=&#8221;.vc_custom_1712228521053{padding-left: 0px !important;}&#8221;][vc_raw_html el_class=&#8221;tag__label&#8221;]PHNwYW4+REFUQTwvc3Bhbj4=[\/vc_raw_html][\/vc_column_inner][vc_column_inner el_class=&#8221;mobile-right-column&#8221; width=&#8221;1\/2&#8243; css=&#8221;.vc_custom_1712655066636{border-left-width: 1px !important;border-left-color: #e8e8e8 !important;border-left-style: solid !important;}&#8221;][vc_column_text css=&#8221;.vc_custom_1717010099280{margin-bottom: 20px !important;padding-top: 0px !important;}&#8221;]<\/p>\n<h3>Per descobrir on s&#8217;amaga el teu estalvi<\/h3>\n<p>[\/vc_column_text][vc_column_text css=&#8221;.vc_custom_1717009019909{padding-top: 0px !important;}&#8221;]<span style=\"font-weight: 400;\">El monitoratge \u00e9s el cam\u00ed m\u00e9s efectiu cap a la m\u00e0xima efici\u00e8ncia i la reducci\u00f3 de costos operatius.<\/span><\/p>\n<p><span style=\"font-weight: 400;\">Aprofita el poder de les dades per impulsar una operativa m\u00e9s eficient i sostenible.<\/span><\/p>\n<p><span style=\"font-weight: 400;\">Perqu\u00e8 el monitoratge \u00e9s la clau per a un futur m\u00e9s rendible i sostenible.<\/span>[\/vc_column_text][\/vc_column_inner][\/vc_row_inner][\/vc_column][\/vc_row][vc_row full_width=&#8221;stretch_row_content&#8221; el_class=&#8221;section&#8211;border&#8221; css=&#8221;.vc_custom_1713437404219{padding-bottom: 30px !important;background-color: #f5f7fa !important;}&#8221;][vc_column][vc_row_inner][vc_column_inner width=&#8221;1\/2&#8243;][vc_raw_html]JTNDZGl2JTIwY2xhc3MlM0QlMjJzZXJ2aWNlLWxpc3QlMjIlMjBzdHlsZSUzRCUyMmRpc3BsYXklM0FmbGV4JTIyJTNFJTBBJTIwJTIwJTNDZGl2JTIwY2xhc3MlM0QlMjJpY29uLXdyYXBwZXIlMjIlM0UlMEElMjAlMjAlMjAlMjAlM0NpbWclMjBzcmMlM0QlMjIlMkZ3cC1jb250ZW50JTJGdXBsb2FkcyUyRmljb25vcyUyRm1vbml0b3JpemFjaW9uLnN2ZyUyMiUyMGFsdCUzRCUyMkF2YXRhciUyMiUyMGNsYXNzJTNEJTIyc2VydmljZS1pY29uJTIyJTNFJTBBJTIwJTIwJTNDJTJGZGl2JTNFJTBBJTIwJTIwJTNDZGl2JTIwY2xhc3MlM0QlMjJjb250ZW50JTIyJTNFJTBBJTIwJTIwJTIwJTIwJTIwJTIwJTNDaDYlM0VNb25pdG9yaXR6YWNpJUMzJUIzJTNDJTJGaDYlM0UlMEElMjAlMjAlMjAlMjAlMjAlMjAlM0NwJTNFTW9uaXRvcml0emFjaSVDMyVCMyUyMGRlJTIwcHJvY2Vzc29zJTJDJTIwY29uc3VtcyUyMGVuZXJnJUMzJUE4dGljcyUyMGklMjBwdXJnYWRvcnMlMjBkZSUyMHZhcG9yLiUzQyUyRnAlM0UlMEElMjAlMjAlM0MlMkZkaXYlM0UlMEElM0MlMkZkaXYlM0UlMEE=[\/vc_raw_html][\/vc_column_inner][vc_column_inner width=&#8221;1\/2&#8243;][vc_raw_html el_id=&#8221;mobile-right-column&#8221;]JTNDZGl2JTIwY2xhc3MlM0QlMjJzZXJ2aWNlLWxpc3QlMjIlMjBzdHlsZSUzRCUyMmRpc3BsYXklM0FmbGV4JTIyJTNFJTBBJTIwJTIwJTNDZGl2JTIwY2xhc3MlM0QlMjJpY29uLXdyYXBwZXIlMjIlM0UlMEElMjAlMjAlMjAlMjAlM0NpbWclMjBzcmMlM0QlMjIlMkZ3cC1jb250ZW50JTJGdXBsb2FkcyUyRmljb25vcyUyRm1lZGljaW9uLnN2ZyUyMiUyMGFsdCUzRCUyMkF2YXRhciUyMiUyMGNsYXNzJTNEJTIyc2VydmljZS1pY29uJTIyJTNFJTBBJTIwJTIwJTNDJTJGZGl2JTNFJTBBJTIwJTIwJTNDZGl2JTIwY2xhc3MlM0QlMjJjb250ZW50JTIyJTNFJTBBJTIwJTIwJTIwJTIwJTIwJTIwJTNDaDYlM0VNZXN1cmFtZW50JTIwZGUlMjBjb25zdW1zJTIwbm8lMjBpbnRydXNpdXMlM0MlMkZoNiUzRSUwQSUyMCUyMCUyMCUyMCUyMCUyMCUzQ3AlM0VNZXN1cmFtZW50JTIwZGUlMjBjb25zdW1zJTIwYW1iJTIwdGVjbm9sb2dpZXMlMjBubyUyMGludmFzaXZlcyUyQyUyMHNlbnNlJTIwbmVjZXNzaXRhdCUyMGQlMjdpbnRlcmNhbGFyJTIwZXF1aXBzJTIwYSUyMGxhJTIwaW5zdGFsJUMyJUI3bGFjaSVDMyVCMy4lM0MlMkZwJTNFJTBBJTIwJTIwJTNDJTJGZGl2JTNFJTBBJTNDJTJGZGl2JTNFJTBB[\/vc_raw_html][\/vc_column_inner][\/vc_row_inner][vc_row_inner][vc_column_inner width=&#8221;1\/2&#8243;][vc_raw_html]JTNDZGl2JTIwY2xhc3MlM0QlMjJzZXJ2aWNlLWxpc3QlMjIlMjBzdHlsZSUzRCUyMmRpc3BsYXklM0FmbGV4JTIyJTNFJTBBJTIwJTIwJTNDZGl2JTIwY2xhc3MlM0QlMjJpY29uLXdyYXBwZXIlMjIlM0UlMEElMjAlMjAlMjAlMjAlM0NpbWclMjBzcmMlM0QlMjIlMkZ3cC1jb250ZW50JTJGdXBsb2FkcyUyRmljb25vcyUyRnByb3llY3RvLnN2ZyUyMiUyMGFsdCUzRCUyMkF2YXRhciUyMiUyMGNsYXNzJTNEJTIyc2VydmljZS1pY29uJTIyJTNFJTBBJTIwJTIwJTNDJTJGZGl2JTNFJTBBJTIwJTIwJTNDZGl2JTIwY2xhc3MlM0QlMjJjb250ZW50JTIyJTNFJTBBJTIwJTIwJTIwJTIwJTIwJTIwJTNDaDYlM0VQcm9qZWN0ZXMlM0MlMkZoNiUzRSUwQSUyMCUyMCUyMCUyMCUyMCUyMCUzQ3AlM0VEaXNzZW55JTJDJTIwZXhlY3VjaSVDMyVCMyUyMGklMjBwb3NhZGElMjBlbiUyMGZ1bmNpb25hbWVudCUyMGRlJTIwcHJvamVjdGVzJTIwZCVFMiU4MCU5OWF1dG9tYXRpdHphY2klQzMlQjMlMjBpJTIwY29udHJvbC4lM0MlMkZwJTNFJTBBJTIwJTIwJTNDJTJGZGl2JTNFJTBBJTNDJTJGZGl2JTNFJTBB[\/vc_raw_html][\/vc_column_inner][vc_column_inner width=&#8221;1\/2&#8243;][vc_raw_html]JTNDZGl2JTIwY2xhc3MlM0QlMjJzZXJ2aWNlLWxpc3QlMjIlMjBzdHlsZSUzRCUyMmRpc3BsYXklM0FmbGV4JTIyJTNFJTBBJTIwJTIwJTNDZGl2JTIwY2xhc3MlM0QlMjJpY29uLXdyYXBwZXIlMjIlM0UlMEElMjAlMjAlMjAlMjAlM0NpbWclMjBzcmMlM0QlMjIlMkZ3cC1jb250ZW50JTJGdXBsb2FkcyUyRmljb25vcyUyRmVuZXJneS1tYW5hZ2VtZW50LnN2ZyUyMiUyMGFsdCUzRCUyMkF2YXRhciUyMiUyMGNsYXNzJTNEJTIyc2VydmljZS1pY29uJTIyJTNFJTBBJTIwJTIwJTNDJTJGZGl2JTNFJTBBJTIwJTIwJTNDZGl2JTIwY2xhc3MlM0QlMjJjb250ZW50JTIyJTNFJTBBJTIwJTIwJTIwJTIwJTIwJTIwJTNDaDYlM0VFbmVyZ3klMjBNYW5hZ2VtZW50JTNDJTJGaDYlM0UlMEElMjAlMjAlMjAlMjAlMjAlMjAlM0NwJTNFU2VndWltZW50JTIwaSUyMGNvbnRyb2wlMjBkZSUyMGNvbnN1bXMlMjBlbmVyZyVDMyVBOHRpY3MuJTNDJTJGcCUzRSUwQSUyMCUyMCUzQyUyRmRpdiUzRSUwQSUzQyUyRmRpdiUzRQ==[\/vc_raw_html][\/vc_column_inner][\/vc_row_inner][vc_row_inner][vc_column_inner width=&#8221;1\/2&#8243;][vc_raw_html]PGRpdiBjbGFzcz0ic2VydmljZS1saXN0IiBzdHlsZT0iZGlzcGxheTpmbGV4Ij4KICA8ZGl2IGNsYXNzPSJpY29uLXdyYXBwZXIiPgogICAgPGltZyBzcmM9Ii93cC1jb250ZW50L3VwbG9hZHMvaWNvbm9zL3ZhbGlkYWNpb24uc3ZnIiBhbHQ9IkF2YXRhciIgY2xhc3M9InNlcnZpY2UtaWNvbiI+CiAgPC9kaXY+CiAgPGRpdiBjbGFzcz0iY29udGVudCI+CiAgICAgIDxoNj5WYWxpZGFjacOzbiBzZWfDum4gbm9ybWF0aXZhPC9oNj4KICAgICAgPHA+VmFsaWRhY2lvbmVzIGRlbCB0w610dWxvIGRlIHZhcG9yIHNlZ8O6biBub3JtYXRpdmEgRU4gMjg1LjwvcD4KICA8L2Rpdj4KPC9kaXY+Cgo=[\/vc_raw_html][\/vc_column_inner][vc_column_inner width=&#8221;1\/2&#8243;][\/vc_column_inner][\/vc_row_inner][\/vc_column][\/vc_row][vc_row full_width=&#8221;stretch_row_content&#8221; disable_element=&#8221;yes&#8221; el_class=&#8221;section&#8211;border&#8221; css=&#8221;.vc_custom_1713436243997{background-color: #f5f7fa !important;}&#8221;][vc_column][vc_row_inner css=&#8221;.vc_custom_1709548583648{margin-right: 15px !important;margin-left: 15px !important;border-top-width: 1px !important;border-top-color: #e8e8e8 !important;border-top-style: solid !important;}&#8221;][vc_column_inner width=&#8221;1\/3&#8243;][vc_raw_html]PGRpdiBjbGFzcz0iY29udGFpbmVyIj4KICA8aW1nIHNyYz0iL3dwLWNvbnRlbnQvdXBsb2Fkcy9pY29ub3MvcHJveWVjdG8uc3ZnIiBhbHQ9IkF2YXRhciIgY2xhc3M9ImltYWdlIj4KICA8ZGl2IGNsYXNzPSJvdmVybGF5Ij4KICAgIDxkaXYgY2xhc3M9InRleHQiPjxoNj5QTUMg4oCTIFByb3llY3RvIG1lam9yYSBjb250aW51YTwvaDY+CjxwPkRpc2XDsW8sIGVqZWN1Y2nDs24geSBwdWVzdGEgZW4gbWFyY2hhIGRlIHByb3llY3RvcyBkZSBvcHRpbWl6YWNpw7NuLCBkZXNjYXJib25pemFjacOzbiB5IGFob3JybyBlbmVyZ8OpdGljby48L3A+CjwvZGl2PgogIDwvZGl2Pgo8L2Rpdj4=[\/vc_raw_html][\/vc_column_inner][vc_column_inner width=&#8221;1\/3&#8243; css=&#8221;.vc_custom_1713252630178{border-left-width: 1px !important;border-left-color: #e8e8e8 !important;border-left-style: solid !important;}&#8221;][vc_raw_html]PGRpdiBjbGFzcz0iY29udGFpbmVyIj4KICA8aW1nIHNyYz0iaHR0cDovL3BsYWNlaG9sZC5pdC8yMDB4MjAwLmpwZyIgYWx0PSJBdmF0YXIiIGNsYXNzPSJpbWFnZSI+CiAgPGRpdiBjbGFzcz0ib3ZlcmxheSI+CiAgICA8ZGl2IGNsYXNzPSJ0ZXh0Ij48aDY+SW5nZW5pZXLDrWEgY29uY2VwdHVhbDwvaDY+CjxwPkRpc2XDsW8gZGUgcHJvY2Vzb3MsIGluZ2VuaWVyw61hIGLDoXNpY2EsIGluZ2VuaWVyw61hIGRlIGRldGFsbGUgeSBQcm9qZWN0IE1hbmFnZW1lbnQuCjwvcD48L2Rpdj4KICA8L2Rpdj4KPC9kaXY+[\/vc_raw_html][\/vc_column_inner][vc_column_inner el_class=&#8221;mobile-right-column&#8221; width=&#8221;1\/3&#8243; css=&#8221;.vc_custom_1713253244175{border-left-width: 1px !important;border-left-color: #e8e8e8 !important;border-left-style: solid !important;}&#8221;][vc_raw_html]PGRpdiBjbGFzcz0iY29udGFpbmVyIj4KICA8aW1nIHNyYz0iaHR0cDovL3BsYWNlaG9sZC5pdC8yMDB4MjAwLmpwZyIgYWx0PSJBdmF0YXIiIGNsYXNzPSJpbWFnZSI+CiAgPGRpdiBjbGFzcz0ib3ZlcmxheSI+CiAgICA8ZGl2IGNsYXNzPSJ0ZXh0Ij48aDY+QXVkaXRvcmlhcyBlbmVyZ8OpdGljYXM8L2g2Pgo8cD5Fc3R1ZGlvcyAzNjDCuiBkZWwgc2lzdGVtYSBkZSB2YXBvciB5IGNvbmRlbnNhZG9zLjwvcD48L2Rpdj4KICA8L2Rpdj4KPC9kaXY+[\/vc_raw_html][\/vc_column_inner][\/vc_row_inner][vc_row_inner css=&#8221;.vc_custom_1709548583648{margin-right: 15px !important;margin-left: 15px !important;border-top-width: 1px !important;border-top-color: #e8e8e8 !important;border-top-style: solid !important;}&#8221;][vc_column_inner width=&#8221;1\/3&#8243;][vc_raw_html]PGRpdiBjbGFzcz0iY29udGFpbmVyIj4KICA8aW1nIHNyYz0iaHR0cDovL3BsYWNlaG9sZC5pdC8yMDB4MjAwLmpwZyIgYWx0PSJBdmF0YXIiIGNsYXNzPSJpbWFnZSI+CiAgPGRpdiBjbGFzcz0ib3ZlcmxheSI+CiAgICA8ZGl2IGNsYXNzPSJ0ZXh0Ij48aDY+UHJveWVjdG9zIGxsYXZlIGVuIG1hbm88L2g2Pgo8cD5FamVjdWNpw7NuIGludGVncmFsIGRlIHByb3llY3RvcyBkZSB2YXBvciB5IGNvbmRlbnNhZG8sIHNlZ8O6biBsYXMgbmVjZXNpZGFkZXMgZGVsIGNsaWVudGUuCjwvcD4KPC9kaXY+CiAgPC9kaXY+CjwvZGl2Pg==[\/vc_raw_html][\/vc_column_inner][vc_column_inner width=&#8221;1\/3&#8243; css=&#8221;.vc_custom_1713252630178{border-left-width: 1px !important;border-left-color: #e8e8e8 !important;border-left-style: solid !important;}&#8221;][vc_raw_html]PGRpdiBjbGFzcz0iY29udGFpbmVyIj4KICA8aW1nIHNyYz0iaHR0cDovL3BsYWNlaG9sZC5pdC8yMDB4MjAwLmpwZyIgYWx0PSJBdmF0YXIiIGNsYXNzPSJpbWFnZSI+CiAgPGRpdiBjbGFzcz0ib3ZlcmxheSI+CiAgICA8ZGl2IGNsYXNzPSJ0ZXh0Ij48aDY+SW5nZW5pZXLDrWEgY29uY2VwdHVhbDwvaDY+CjxwPkRpc2XDsW8gZGUgcHJvY2Vzb3MsIGluZ2VuaWVyw61hIGLDoXNpY2EsIGluZ2VuaWVyw61hIGRlIGRldGFsbGUgeSBQcm9qZWN0IE1hbmFnZW1lbnQuCjwvcD48L2Rpdj4KICA8L2Rpdj4KPC9kaXY+[\/vc_raw_html][\/vc_column_inner][vc_column_inner el_class=&#8221;mobile-right-column&#8221; width=&#8221;1\/3&#8243; css=&#8221;.vc_custom_1713253244175{border-left-width: 1px !important;border-left-color: #e8e8e8 !important;border-left-style: solid !important;}&#8221;][\/vc_column_inner][\/vc_row_inner][\/vc_column][\/vc_row]<\/p>\n<\/section>","protected":false},"excerpt":{"rendered":"<p>[vc_row full_width=&#8221;stretch_row_content&#8221; content_placement=&#8221;middle&#8221; css=&#8221;.vc_custom_1709742282118{margin-bottom: 60px !important;background-position: center !important;background-repeat: no-repeat !important;background-size: cover !important;}&#8221;][vc_column][vc_row_inner css=&#8221;.vc_custom_1709724702418{margin-left: 20px !important;}&#8221;][vc_column_inner][vc_column_text] Serveis: DATA [\/vc_column_text][\/vc_column_inner][\/vc_row_inner][\/vc_column][\/vc_row][vc_row full_width=&#8221;stretch_row_content&#8221; css=&#8221;.vc_custom_1713438509498{padding-top: 150px !important;padding-bottom: 150px !important;background-image: url(https:\/\/avcsteam.flandecoco.net\/wp-content\/uploads\/2024\/04\/businesspeople-working-finance-accounting-analyze-financial-graph-budget-planning-future-office-room-scaled.jpg?id=8699) !important;background-position: center !important;background-repeat: no-repeat !important;background-size: cover !important;}&#8221;][vc_column][\/vc_column][\/vc_row][vc_row full_width=&#8221;stretch_row_content&#8221; el_class=&#8221;section&#8211;border&#8221;][vc_column][vc_row_inner css=&#8221;.vc_custom_1709548583648{margin-right: 15px !important;margin-left: 15px !important;border-top-width: 1px [&hellip;]<\/p>\n","protected":false},"author":1,"featured_media":0,"parent":9084,"menu_order":0,"comment_status":"closed","ping_status":"closed","template":"","meta":{"footnotes":""},"class_list":["post-9090","page","type-page","status-publish","hentry"],"_links":{"self":[{"href":"https:\/\/avcsteam.flandecoco.net\/ca\/wp-json\/wp\/v2\/pages\/9090","targetHints":{"allow":["GET"]}}],"collection":[{"href":"https:\/\/avcsteam.flandecoco.net\/ca\/wp-json\/wp\/v2\/pages"}],"about":[{"href":"https:\/\/avcsteam.flandecoco.net\/ca\/wp-json\/wp\/v2\/types\/page"}],"author":[{"embeddable":true,"href":"https:\/\/avcsteam.flandecoco.net\/ca\/wp-json\/wp\/v2\/users\/1"}],"replies":[{"embeddable":true,"href":"https:\/\/avcsteam.flandecoco.net\/ca\/wp-json\/wp\/v2\/comments?post=9090"}],"version-history":[{"count":7,"href":"https:\/\/avcsteam.flandecoco.net\/ca\/wp-json\/wp\/v2\/pages\/9090\/revisions"}],"predecessor-version":[{"id":9166,"href":"https:\/\/avcsteam.flandecoco.net\/ca\/wp-json\/wp\/v2\/pages\/9090\/revisions\/9166"}],"up":[{"embeddable":true,"href":"https:\/\/avcsteam.flandecoco.net\/ca\/wp-json\/wp\/v2\/pages\/9084"}],"wp:attachment":[{"href":"https:\/\/avcsteam.flandecoco.net\/ca\/wp-json\/wp\/v2\/media?parent=9090"}],"curies":[{"name":"wp","href":"https:\/\/api.w.org\/{rel}","templated":true}]}}