{"id":9093,"date":"2024-04-08T17:34:15","date_gmt":"2024-04-08T15:34:15","guid":{"rendered":"https:\/\/avcsteam.flandecoco.net\/serveis\/engineering"},"modified":"2024-06-10T10:56:57","modified_gmt":"2024-06-10T08:56:57","slug":"engineering","status":"publish","type":"page","link":"https:\/\/avcsteam.flandecoco.net\/ca\/serveis\/engineering","title":{"rendered":"Engineering"},"content":{"rendered":"<section class=\"wpb-content-wrapper\"><p>[vc_row full_width=&#8221;stretch_row_content&#8221; content_placement=&#8221;middle&#8221; css=&#8221;.vc_custom_1709742282118{margin-bottom: 60px !important;background-position: center !important;background-repeat: no-repeat !important;background-size: cover !important;}&#8221;][vc_column][vc_row_inner css=&#8221;.vc_custom_1709724702418{margin-left: 20px !important;}&#8221;][vc_column_inner][vc_column_text]<\/p>\n<h2>Serveis:<br \/>\nEngineering<\/h2>\n<p>[\/vc_column_text][\/vc_column_inner][\/vc_row_inner][\/vc_column][\/vc_row][vc_row full_width=&#8221;stretch_row_content&#8221; css=&#8221;.vc_custom_1713194654380{padding-top: 150px !important;padding-bottom: 150px !important;background-image: url(https:\/\/avcsteam.flandecoco.net\/wp-content\/uploads\/2024\/04\/engineer-meeting-architectural-project-working-with-partner-scaled.jpg?id=8685) !important;background-position: center !important;background-repeat: no-repeat !important;background-size: cover !important;}&#8221;][vc_column][\/vc_column][\/vc_row][vc_row full_width=&#8221;stretch_row_content&#8221; el_class=&#8221;section&#8211;border&#8221;][vc_column][vc_row_inner css=&#8221;.vc_custom_1709548583648{margin-right: 15px !important;margin-left: 15px !important;border-top-width: 1px !important;border-top-color: #e8e8e8 !important;border-top-style: solid !important;}&#8221;][vc_column_inner width=&#8221;1\/2&#8243; css=&#8221;.vc_custom_1712228521053{padding-left: 0px !important;}&#8221;][vc_raw_html el_class=&#8221;tag__label&#8221;]PHNwYW4+RW5naW5lZXJpbmc8L3NwYW4+[\/vc_raw_html][\/vc_column_inner][vc_column_inner el_class=&#8221;mobile-right-column&#8221; width=&#8221;1\/2&#8243; css=&#8221;.vc_custom_1712655066636{border-left-width: 1px !important;border-left-color: #e8e8e8 !important;border-left-style: solid !important;}&#8221;][vc_column_text css=&#8221;.vc_custom_1717008714025{margin-bottom: 20px !important;padding-top: 0px !important;}&#8221;]<\/p>\n<h3>Compromesos amb la qualitat i el rendiment<\/h3>\n<p>[\/vc_column_text][vc_column_text css=&#8221;.vc_custom_1717008734001{padding-top: 0px !important;}&#8221;]<span style=\"font-weight: 400;\">Optimitzem les instal\u00b7lacions de vapor per garantir-ne el m\u00e0xim rendiment amb els m\u00ednims costos operacionals.<\/span><\/p>\n<p><span style=\"font-weight: 400;\">Tant si \u00e9s una ampliaci\u00f3 o una nova instal\u00b7laci\u00f3, l&#8217;associaci\u00f3 amb AVC Steam garanteix el disseny m\u00e9s \u00f2ptim i fiable des de l&#8217;inici del projecte.<\/span><\/p>\n<p><span style=\"font-weight: 400;\">Analitzem els teus objectius i avaluem les operacions per identificar i solucionar problemes, desenvolupant un full de ruta personalitzat per assolir la m\u00e0xima efici\u00e8ncia del sistema de vapor i condensats.<\/span>[\/vc_column_text][\/vc_column_inner][\/vc_row_inner][\/vc_column][\/vc_row][vc_row full_width=&#8221;stretch_row_content&#8221; el_class=&#8221;section&#8211;border&#8221; css=&#8221;.vc_custom_1713437404219{padding-bottom: 30px !important;background-color: #f5f7fa !important;}&#8221;][vc_column][vc_row_inner][vc_column_inner width=&#8221;1\/2&#8243;][vc_raw_html]JTNDZGl2JTIwY2xhc3MlM0QlMjJzZXJ2aWNlLWxpc3QlMjIlMjBzdHlsZSUzRCUyMmRpc3BsYXklM0FmbGV4JTIyJTNFJTBBJTIwJTIwJTNDZGl2JTIwY2xhc3MlM0QlMjJpY29uLXdyYXBwZXIlMjIlM0UlMEElMjAlMjAlMjAlMjAlM0NpbWclMjBzcmMlM0QlMjIlMkZ3cC1jb250ZW50JTJGdXBsb2FkcyUyRmljb25vcyUyRnByb3llY3RvLW1lam9yYS5zdmclMjIlMjBhbHQlM0QlMjJBdmF0YXIlMjIlMjBjbGFzcyUzRCUyMnNlcnZpY2UtaWNvbiUyMiUzRSUwQSUyMCUyMCUzQyUyRmRpdiUzRSUwQSUyMCUyMCUzQ2RpdiUyMGNsYXNzJTNEJTIyY29udGVudCUyMiUzRSUwQSUyMCUyMCUyMCUyMCUyMCUyMCUzQ2g2JTNFUE1DJTIwJUUyJTgwJTkzJTIwUHJvamVjdGUlMjBtaWxsb3JhJTIwY29udCVDMyVBRG51YSUzQyUyRmg2JTNFJTBBJTIwJTIwJTIwJTIwJTIwJTIwJTNDcCUzRURpc3NlbnklMkMlMjBleGVjdWNpJUMzJUIzJTIwaSUyMHBvc2FkYSUyMGVuJTIwZnVuY2lvbmFtZW50JTIwZGUlMjBwcm9qZWN0ZXMlMjBkJTI3b3B0aW1pdHphY2klQzMlQjMlMkMlMjBkZXNjYXJib25pdHphY2klQzMlQjMlMjBpJTIwZXN0YWx2aSUyMGVuZXJnJUMzJUE4dGljLiUzQyUyRnAlM0UlMEElMjAlMjAlM0MlMkZkaXYlM0UlMEElM0MlMkZkaXYlM0U=[\/vc_raw_html][\/vc_column_inner][vc_column_inner width=&#8221;1\/2&#8243;][vc_raw_html el_id=&#8221;mobile-right-column&#8221;]JTNDZGl2JTIwY2xhc3MlM0QlMjJzZXJ2aWNlLWxpc3QlMjIlMjBzdHlsZSUzRCUyMmRpc3BsYXklM0FmbGV4JTIyJTNFJTBBJTIwJTIwJTNDZGl2JTIwY2xhc3MlM0QlMjJpY29uLXdyYXBwZXIlMjIlM0UlMEElMjAlMjAlMjAlMjAlM0NpbWclMjBzcmMlM0QlMjIlMkZ3cC1jb250ZW50JTJGdXBsb2FkcyUyRmljb25vcyUyRmluZ2VuaWVyaWEuc3ZnJTIyJTIwYWx0JTNEJTIyQXZhdGFyJTIyJTIwY2xhc3MlM0QlMjJzZXJ2aWNlLWljb24lMjIlM0UlMEElMjAlMjAlM0MlMkZkaXYlM0UlMEElMjAlMjAlM0NkaXYlMjBjbGFzcyUzRCUyMmNvbnRlbnQlMjIlM0UlMEElMjAlMjAlMjAlMjAlMjAlMjAlM0NoNiUzRUVuZ2lueWVyaWElMjBjb25jZXB0dWFsJTIwaSUyMGRlJTIwZGV0YWxsJTNDJTJGaDYlM0UlMEElMjAlMjAlMjAlMjAlMjAlMjAlM0NwJTNFRGlzc2VueSUyMGRlJTIwcHJvY2Vzc29zJTJDJTIwZW5naW55ZXJpYSUyMGIlQzMlQTBzaWNhJTJDJTIwZW5naW55ZXJpYSUyMGRlJTIwZGV0YWxsJTIwaSUyMFByb2plY3QlMjBNYW5hZ2VtZW50LiUzQyUyRnAlM0UlMEElMjAlMjAlM0MlMkZkaXYlM0UlMEElM0MlMkZkaXYlM0UlMEE=[\/vc_raw_html][\/vc_column_inner][\/vc_row_inner][vc_row_inner][vc_column_inner width=&#8221;1\/2&#8243;][vc_raw_html]JTNDZGl2JTIwY2xhc3MlM0QlMjJzZXJ2aWNlLWxpc3QlMjIlMjBzdHlsZSUzRCUyMmRpc3BsYXklM0FmbGV4JTIyJTNFJTBBJTIwJTIwJTNDZGl2JTIwY2xhc3MlM0QlMjJpY29uLXdyYXBwZXIlMjIlM0UlMEElMjAlMjAlMjAlMjAlM0NpbWclMjBzcmMlM0QlMjIlMkZ3cC1jb250ZW50JTJGdXBsb2FkcyUyRmljb25vcyUyRmF1ZGl0b3JpYS5zdmclMjIlMjBhbHQlM0QlMjJBdmF0YXIlMjIlMjBjbGFzcyUzRCUyMnNlcnZpY2UtaWNvbiUyMiUzRSUwQSUyMCUyMCUzQyUyRmRpdiUzRSUwQSUyMCUyMCUzQ2RpdiUyMGNsYXNzJTNEJTIyY29udGVudCUyMiUzRSUwQSUyMCUyMCUyMCUyMCUyMCUyMCUzQ2g2JTNFQXVkaXRvcmllcyUyMGVuZXJnJUMzJUE4dGlxdWVzJTNDJTJGaDYlM0UlMEElMjAlMjAlMjAlMjAlMjAlMjAlM0NwJTNFRXN0dWRpcyUyMDM2MCUyMCVDMiVCQSUyMGRlbCUyMHNpc3RlbWElMjBkZSUyMHZhcG9yJTIwaSUyMGNvbmRlbnNhdHMuJTNDJTJGcCUzRSUwQSUyMCUyMCUzQyUyRmRpdiUzRSUwQSUzQyUyRmRpdiUzRSUwQQ==[\/vc_raw_html][\/vc_column_inner][vc_column_inner width=&#8221;1\/2&#8243;][vc_raw_html]JTNDZGl2JTIwY2xhc3MlM0QlMjJzZXJ2aWNlLWxpc3QlMjIlMjBzdHlsZSUzRCUyMmRpc3BsYXklM0FmbGV4JTIyJTNFJTBBJTIwJTIwJTNDZGl2JTIwY2xhc3MlM0QlMjJpY29uLXdyYXBwZXIlMjIlM0UlMEElMjAlMjAlMjAlMjAlM0NpbWclMjBzcmMlM0QlMjIlMkZ3cC1jb250ZW50JTJGdXBsb2FkcyUyRmljb25vcyUyRnByb3llY3RvLnN2ZyUyMiUyMGFsdCUzRCUyMkF2YXRhciUyMiUyMGNsYXNzJTNEJTIyc2VydmljZS1pY29uJTIyJTNFJTBBJTIwJTIwJTNDJTJGZGl2JTNFJTBBJTIwJTIwJTNDZGl2JTIwY2xhc3MlM0QlMjJjb250ZW50JTIyJTNFJTBBJTIwJTIwJTIwJTIwJTIwJTIwJTNDaDYlM0VQcm9qZWN0ZXMlMjBjbGF1JTIwZW4lMjBtJUMzJUEwJTNDJTJGaDYlM0UlMEElMjAlMjAlMjAlMjAlMjAlMjAlM0NwJTNFRXhlY3VjaSVDMyVCMyUyMGludGVncmFsJTIwZGUlMjBwcm9qZWN0ZXMlMjBkZSUyMHZhcG9yJTIwaSUyMGNvbmRlbnNhdCUyQyUyMHNlZ29ucyUyMGxlcyUyMG5lY2Vzc2l0YXRzJTIwZGVsJTIwY2xpZW50LiUzQyUyRnAlM0UlMEElMjAlMjAlM0MlMkZkaXYlM0UlMEElM0MlMkZkaXYlM0U=[\/vc_raw_html][\/vc_column_inner][\/vc_row_inner][vc_row_inner][vc_column_inner width=&#8221;1\/2&#8243;][vc_raw_html]JTNDZGl2JTIwY2xhc3MlM0QlMjJzZXJ2aWNlLWxpc3QlMjIlMjBzdHlsZSUzRCUyMmRpc3BsYXklM0FmbGV4JTIyJTNFJTBBJTIwJTIwJTNDZGl2JTIwY2xhc3MlM0QlMjJpY29uLXdyYXBwZXIlMjIlM0UlMEElMjAlMjAlMjAlMjAlM0NpbWclMjBzcmMlM0QlMjIlMkZ3cC1jb250ZW50JTJGdXBsb2FkcyUyRmljb25vcyUyRmZhYnJpY2FjaW9uLnN2ZyUyMiUyMGFsdCUzRCUyMkF2YXRhciUyMiUyMGNsYXNzJTNEJTIyc2VydmljZS1pY29uJTIyJTNFJTBBJTIwJTIwJTNDJTJGZGl2JTNFJTBBJTIwJTIwJTNDZGl2JTIwY2xhc3MlM0QlMjJjb250ZW50JTIyJTNFJTBBJTIwJTIwJTIwJTIwJTIwJTIwJTNDaDYlM0VGYWJyaWNhY2klQzMlQjMlMjBkJTI3ZXF1aXBzJTNDJTJGaDYlM0UlMEElMjAlMjAlMjAlMjAlMjAlMjAlM0NwJTNFRGlzc2VueSUyMGklMjBmYWJyaWNhY2klQzMlQjMlMjBkZSUyMGtpdHMlMkMlMjBjb2wlQzIlQjdsZWN0b3JzJTIwZGUlMjBkaXN0cmlidWNpJUMzJUIzJTIwaSUyMGVxdWlwcyUyMGRlJTIwcmVjdXBlcmFjaSVDMyVCMyUyMGRlJTIwY2Fsb3IuJTNDJTJGcCUzRSUwQSUyMCUyMCUzQyUyRmRpdiUzRSUwQSUzQyUyRmRpdiUzRQ==[\/vc_raw_html][\/vc_column_inner][vc_column_inner width=&#8221;1\/2&#8243;][\/vc_column_inner][\/vc_row_inner][\/vc_column][\/vc_row][vc_row full_width=&#8221;stretch_row_content&#8221; disable_element=&#8221;yes&#8221; el_class=&#8221;section&#8211;border&#8221; css=&#8221;.vc_custom_1713436243997{background-color: #f5f7fa !important;}&#8221;][vc_column][vc_row_inner css=&#8221;.vc_custom_1709548583648{margin-right: 15px !important;margin-left: 15px !important;border-top-width: 1px !important;border-top-color: #e8e8e8 !important;border-top-style: solid !important;}&#8221;][vc_column_inner width=&#8221;1\/3&#8243;][vc_raw_html]PGRpdiBjbGFzcz0iY29udGFpbmVyIj4KICA8aW1nIHNyYz0iL3dwLWNvbnRlbnQvdXBsb2Fkcy9pY29ub3MvcHJveWVjdG8uc3ZnIiBhbHQ9IkF2YXRhciIgY2xhc3M9ImltYWdlIj4KICA8ZGl2IGNsYXNzPSJvdmVybGF5Ij4KICAgIDxkaXYgY2xhc3M9InRleHQiPjxoNj5QTUMg4oCTIFByb3llY3RvIG1lam9yYSBjb250aW51YTwvaDY+CjxwPkRpc2XDsW8sIGVqZWN1Y2nDs24geSBwdWVzdGEgZW4gbWFyY2hhIGRlIHByb3llY3RvcyBkZSBvcHRpbWl6YWNpw7NuLCBkZXNjYXJib25pemFjacOzbiB5IGFob3JybyBlbmVyZ8OpdGljby48L3A+CjwvZGl2PgogIDwvZGl2Pgo8L2Rpdj4=[\/vc_raw_html][\/vc_column_inner][vc_column_inner width=&#8221;1\/3&#8243; css=&#8221;.vc_custom_1713252630178{border-left-width: 1px !important;border-left-color: #e8e8e8 !important;border-left-style: solid !important;}&#8221;][vc_raw_html]PGRpdiBjbGFzcz0iY29udGFpbmVyIj4KICA8aW1nIHNyYz0iaHR0cDovL3BsYWNlaG9sZC5pdC8yMDB4MjAwLmpwZyIgYWx0PSJBdmF0YXIiIGNsYXNzPSJpbWFnZSI+CiAgPGRpdiBjbGFzcz0ib3ZlcmxheSI+CiAgICA8ZGl2IGNsYXNzPSJ0ZXh0Ij48aDY+SW5nZW5pZXLDrWEgY29uY2VwdHVhbDwvaDY+CjxwPkRpc2XDsW8gZGUgcHJvY2Vzb3MsIGluZ2VuaWVyw61hIGLDoXNpY2EsIGluZ2VuaWVyw61hIGRlIGRldGFsbGUgeSBQcm9qZWN0IE1hbmFnZW1lbnQuCjwvcD48L2Rpdj4KICA8L2Rpdj4KPC9kaXY+[\/vc_raw_html][\/vc_column_inner][vc_column_inner el_class=&#8221;mobile-right-column&#8221; width=&#8221;1\/3&#8243; css=&#8221;.vc_custom_1713253244175{border-left-width: 1px !important;border-left-color: #e8e8e8 !important;border-left-style: solid !important;}&#8221;][vc_raw_html]PGRpdiBjbGFzcz0iY29udGFpbmVyIj4KICA8aW1nIHNyYz0iaHR0cDovL3BsYWNlaG9sZC5pdC8yMDB4MjAwLmpwZyIgYWx0PSJBdmF0YXIiIGNsYXNzPSJpbWFnZSI+CiAgPGRpdiBjbGFzcz0ib3ZlcmxheSI+CiAgICA8ZGl2IGNsYXNzPSJ0ZXh0Ij48aDY+QXVkaXRvcmlhcyBlbmVyZ8OpdGljYXM8L2g2Pgo8cD5Fc3R1ZGlvcyAzNjDCuiBkZWwgc2lzdGVtYSBkZSB2YXBvciB5IGNvbmRlbnNhZG9zLjwvcD48L2Rpdj4KICA8L2Rpdj4KPC9kaXY+[\/vc_raw_html][\/vc_column_inner][\/vc_row_inner][vc_row_inner css=&#8221;.vc_custom_1709548583648{margin-right: 15px !important;margin-left: 15px !important;border-top-width: 1px !important;border-top-color: #e8e8e8 !important;border-top-style: solid !important;}&#8221;][vc_column_inner width=&#8221;1\/3&#8243;][vc_raw_html]PGRpdiBjbGFzcz0iY29udGFpbmVyIj4KICA8aW1nIHNyYz0iaHR0cDovL3BsYWNlaG9sZC5pdC8yMDB4MjAwLmpwZyIgYWx0PSJBdmF0YXIiIGNsYXNzPSJpbWFnZSI+CiAgPGRpdiBjbGFzcz0ib3ZlcmxheSI+CiAgICA8ZGl2IGNsYXNzPSJ0ZXh0Ij48aDY+UHJveWVjdG9zIGxsYXZlIGVuIG1hbm88L2g2Pgo8cD5FamVjdWNpw7NuIGludGVncmFsIGRlIHByb3llY3RvcyBkZSB2YXBvciB5IGNvbmRlbnNhZG8sIHNlZ8O6biBsYXMgbmVjZXNpZGFkZXMgZGVsIGNsaWVudGUuCjwvcD4KPC9kaXY+CiAgPC9kaXY+CjwvZGl2Pg==[\/vc_raw_html][\/vc_column_inner][vc_column_inner width=&#8221;1\/3&#8243; css=&#8221;.vc_custom_1713252630178{border-left-width: 1px !important;border-left-color: #e8e8e8 !important;border-left-style: solid !important;}&#8221;][vc_raw_html]PGRpdiBjbGFzcz0iY29udGFpbmVyIj4KICA8aW1nIHNyYz0iaHR0cDovL3BsYWNlaG9sZC5pdC8yMDB4MjAwLmpwZyIgYWx0PSJBdmF0YXIiIGNsYXNzPSJpbWFnZSI+CiAgPGRpdiBjbGFzcz0ib3ZlcmxheSI+CiAgICA8ZGl2IGNsYXNzPSJ0ZXh0Ij48aDY+SW5nZW5pZXLDrWEgY29uY2VwdHVhbDwvaDY+CjxwPkRpc2XDsW8gZGUgcHJvY2Vzb3MsIGluZ2VuaWVyw61hIGLDoXNpY2EsIGluZ2VuaWVyw61hIGRlIGRldGFsbGUgeSBQcm9qZWN0IE1hbmFnZW1lbnQuCjwvcD48L2Rpdj4KICA8L2Rpdj4KPC9kaXY+[\/vc_raw_html][\/vc_column_inner][vc_column_inner el_class=&#8221;mobile-right-column&#8221; width=&#8221;1\/3&#8243; css=&#8221;.vc_custom_1713253244175{border-left-width: 1px !important;border-left-color: #e8e8e8 !important;border-left-style: solid !important;}&#8221;][\/vc_column_inner][\/vc_row_inner][\/vc_column][\/vc_row]<\/p>\n<\/section>","protected":false},"excerpt":{"rendered":"<p>[vc_row full_width=&#8221;stretch_row_content&#8221; content_placement=&#8221;middle&#8221; css=&#8221;.vc_custom_1709742282118{margin-bottom: 60px !important;background-position: center !important;background-repeat: no-repeat !important;background-size: cover !important;}&#8221;][vc_column][vc_row_inner css=&#8221;.vc_custom_1709724702418{margin-left: 20px !important;}&#8221;][vc_column_inner][vc_column_text] Serveis: Engineering [\/vc_column_text][\/vc_column_inner][\/vc_row_inner][\/vc_column][\/vc_row][vc_row full_width=&#8221;stretch_row_content&#8221; css=&#8221;.vc_custom_1713194654380{padding-top: 150px !important;padding-bottom: 150px !important;background-image: url(https:\/\/avcsteam.flandecoco.net\/wp-content\/uploads\/2024\/04\/engineer-meeting-architectural-project-working-with-partner-scaled.jpg?id=8685) !important;background-position: center !important;background-repeat: no-repeat !important;background-size: cover !important;}&#8221;][vc_column][\/vc_column][\/vc_row][vc_row full_width=&#8221;stretch_row_content&#8221; el_class=&#8221;section&#8211;border&#8221;][vc_column][vc_row_inner css=&#8221;.vc_custom_1709548583648{margin-right: 15px !important;margin-left: 15px !important;border-top-width: 1px [&hellip;]<\/p>\n","protected":false},"author":1,"featured_media":0,"parent":9084,"menu_order":0,"comment_status":"closed","ping_status":"closed","template":"","meta":{"footnotes":""},"class_list":["post-9093","page","type-page","status-publish","hentry"],"_links":{"self":[{"href":"https:\/\/avcsteam.flandecoco.net\/ca\/wp-json\/wp\/v2\/pages\/9093","targetHints":{"allow":["GET"]}}],"collection":[{"href":"https:\/\/avcsteam.flandecoco.net\/ca\/wp-json\/wp\/v2\/pages"}],"about":[{"href":"https:\/\/avcsteam.flandecoco.net\/ca\/wp-json\/wp\/v2\/types\/page"}],"author":[{"embeddable":true,"href":"https:\/\/avcsteam.flandecoco.net\/ca\/wp-json\/wp\/v2\/users\/1"}],"replies":[{"embeddable":true,"href":"https:\/\/avcsteam.flandecoco.net\/ca\/wp-json\/wp\/v2\/comments?post=9093"}],"version-history":[{"count":5,"href":"https:\/\/avcsteam.flandecoco.net\/ca\/wp-json\/wp\/v2\/pages\/9093\/revisions"}],"predecessor-version":[{"id":9224,"href":"https:\/\/avcsteam.flandecoco.net\/ca\/wp-json\/wp\/v2\/pages\/9093\/revisions\/9224"}],"up":[{"embeddable":true,"href":"https:\/\/avcsteam.flandecoco.net\/ca\/wp-json\/wp\/v2\/pages\/9084"}],"wp:attachment":[{"href":"https:\/\/avcsteam.flandecoco.net\/ca\/wp-json\/wp\/v2\/media?parent=9093"}],"curies":[{"name":"wp","href":"https:\/\/api.w.org\/{rel}","templated":true}]}}