{"id":9099,"date":"2024-04-22T06:48:32","date_gmt":"2024-04-22T04:48:32","guid":{"rendered":"https:\/\/avcsteam.flandecoco.net\/serveis\/tecnologia"},"modified":"2024-05-30T08:10:54","modified_gmt":"2024-05-30T06:10:54","slug":"tecnologia","status":"publish","type":"page","link":"https:\/\/avcsteam.flandecoco.net\/ca\/serveis\/tecnologia","title":{"rendered":"Tecnologia"},"content":{"rendered":"<section class=\"wpb-content-wrapper\"><p>[vc_row full_width=&#8221;stretch_row_content&#8221; content_placement=&#8221;middle&#8221; css=&#8221;.vc_custom_1709742282118{margin-bottom: 60px !important;background-position: center !important;background-repeat: no-repeat !important;background-size: cover !important;}&#8221;][vc_column][vc_row_inner css=&#8221;.vc_custom_1709724702418{margin-left: 20px !important;}&#8221;][vc_column_inner][vc_column_text]<\/p>\n<h2>Serveis:<br \/>\nTecnologia<\/h2>\n<p>[\/vc_column_text][\/vc_column_inner][\/vc_row_inner][\/vc_column][\/vc_row][vc_row full_width=&#8221;stretch_row_content&#8221; css=&#8221;.vc_custom_1713761974252{padding-top: 150px !important;padding-bottom: 150px !important;background-image: url(https:\/\/avcsteam.flandecoco.net\/wp-content\/uploads\/2024\/04\/engineer-holding-hard-hat-construction-worker-professional-safety-work-industry-building-person-manager-service-scaled.jpg?id=8686) !important;background-position: center !important;background-repeat: no-repeat !important;background-size: cover !important;}&#8221;][vc_column][\/vc_column][\/vc_row][vc_row full_width=&#8221;stretch_row_content&#8221; el_class=&#8221;section&#8211;border&#8221;][vc_column][vc_row_inner css=&#8221;.vc_custom_1709548583648{margin-right: 15px !important;margin-left: 15px !important;border-top-width: 1px !important;border-top-color: #e8e8e8 !important;border-top-style: solid !important;}&#8221;][vc_column_inner width=&#8221;1\/2&#8243; css=&#8221;.vc_custom_1712228521053{padding-left: 0px !important;}&#8221;][vc_raw_html el_class=&#8221;tag__label&#8221;]PHNwYW4+SW5kdXN0cmlhIDQuMDwvc3Bhbj4=[\/vc_raw_html][\/vc_column_inner][vc_column_inner el_class=&#8221;mobile-right-column&#8221; width=&#8221;1\/2&#8243; css=&#8221;.vc_custom_1715777808212{border-left-width: 1px !important;padding-bottom: 20px !important;border-left-color: #e8e8e8 !important;border-left-style: solid !important;}&#8221;][vc_column_text css=&#8221;.vc_custom_1713761031605{margin-bottom: 20px !important;padding-top: 0px !important;}&#8221;]<\/p>\n<h3>Industria 4.0<\/h3>\n<p>[\/vc_column_text][vc_column_text]<span style=\"font-weight: 400;\">Monitoritzem els processos industrials mitjan\u00e7ant la integraci\u00f3 de tecnologies, com ara:<\/span><\/p>\n<ul>\n<li><span style=\"font-weight: 400;\"> Internet de les coses (IoT)<\/span><\/li>\n<li><span style=\"font-weight: 400;\"> Intel\u00b7lig\u00e8ncia artificial (IA)<\/span><\/li>\n<li><span style=\"font-weight: 400;\"> An\u00e0lisi de dades i automatitzaci\u00f3<\/span><\/li>\n<\/ul>\n<p><span style=\"font-weight: 400;\">Aix\u00ed, optimitzem i controlem de manera eficient els processos industrials, permetent una supervisi\u00f3 en temps real, una presa de decisions m\u00e9s acurada i un millor rendiment en la producci\u00f3.<\/span>[\/vc_column_text][vc_column_text css=&#8221;.vc_custom_1715778074586{margin-top: 20px !important;margin-bottom: 20px !important;padding-top: 0px !important;}&#8221;]<\/p>\n<h4>Bitherm &#8211; Tecnolog\u00eda SmartWatchWeb\u2122<\/h4>\n<p>[\/vc_column_text][vc_column_text]<span style=\"font-weight: 400;\">Sistema de monitoritzaci\u00f3 de purgadors que combina diferents tecnologies innovadores (digitalitzaci\u00f3, sensoritzaci\u00f3, adquisici\u00f3 i processament de dades) per a realitzar diagn\u00f2stics de fallades precisos i en temps real per tal d&#8217;aconseguir un estalvi de vapor del 10% al 20%, tot aplicant la Metodologia de Manteniment Intensiu sobre els purgadors de vapor.<\/span><\/p>\n<p><span style=\"font-weight: 400;\">SmartWatchWeb\u2122 \u00e9s l&#8217;\u00fanic sistema de monitoritzaci\u00f3 comprovat amb prou escalabilitat per monitoritzar milers de trampes de vapor i que compta amb m\u00e9s de 60 casos d&#8217;\u00e8xit al llarg de m\u00e9s de 20 anys.<\/span>[\/vc_column_text][vc_column_text css=&#8221;.vc_custom_1715778069311{margin-top: 20px !important;margin-bottom: 20px !important;padding-top: 0px !important;}&#8221;]<\/p>\n<h4>ARMAX<\/h4>\n<p>[\/vc_column_text][vc_column_text]<span style=\"font-weight: 400;\">Tecnologia utilitzada per modelar i monitoritzar la resposta d\u2019un proc\u00e9s din\u00e0mic en temps real. Combina components autoregressius, mitjanes m\u00f2bils i entrades ex\u00f2genes per predir el comportament del sistema.<\/span><\/p>\n<p><span style=\"font-weight: 400;\">Quan es detecten desviacions entre les prediccions del model i els mesuraments reals, es realitzen ajustaments a les entrades ex\u00f2genes per corregir-les. Aquest enfocament permet mantenir el proc\u00e9s dins dels l\u00edmits desitjats de manera eficient i precisa.<\/span><\/p>\n<p><span style=\"font-weight: 400;\">La combinaci\u00f3 de Xarxes Neuronals Artificials (ANN) amb el sistema ARMAX ofereix millores significatives en la precisi\u00f3 del modelatge i la capacitat de predicci\u00f3 de processos din\u00e0mics. <\/span>[\/vc_column_text][\/vc_column_inner][\/vc_row_inner][\/vc_column][\/vc_row][vc_row full_width=&#8221;stretch_row_content&#8221; el_class=&#8221;section&#8211;border&#8221; css=&#8221;.vc_custom_1715868422438{padding-bottom: 80px !important;background-color: #f5f7fa !important;}&#8221;][vc_column][vc_row_inner css=&#8221;.vc_custom_1709548583648{margin-right: 15px !important;margin-left: 15px !important;border-top-width: 1px !important;border-top-color: #e8e8e8 !important;border-top-style: solid !important;}&#8221;][vc_column_inner width=&#8221;1\/2&#8243; css=&#8221;.vc_custom_1712228521053{padding-left: 0px !important;}&#8221;][vc_raw_html el_class=&#8221;tag__label&#8221;]PHNwYW4+SW5kdXN0cmlhIDQuMDwvc3Bhbj4=[\/vc_raw_html][\/vc_column_inner][vc_column_inner el_class=&#8221;mobile-right-column&#8221; width=&#8221;1\/2&#8243; css=&#8221;.vc_custom_1712655066636{border-left-width: 1px !important;border-left-color: #e8e8e8 !important;border-left-style: solid !important;}&#8221;][vc_column_text css=&#8221;.vc_custom_1717049434912{margin-bottom: 20px !important;padding-top: 0px !important;}&#8221;]<\/p>\n<h3>Sistemes de protecci\u00f3<\/h3>\n<p>[\/vc_column_text][vc_column_text]<span style=\"font-weight: 400;\">Els sistemes de protecci\u00f3 d&#8217;a\u00efllament t\u00e8rmic desmuntables s\u00f3n una soluci\u00f3 innovadora que se centra en garantir la seguretat del personal de planta i aconseguir estalvis significatius d&#8217;energia.<\/span><\/p>\n<p><span style=\"font-weight: 400;\">Consisteix en la instal\u00b7laci\u00f3 de mantes t\u00e8rmiques que poden ser f\u00e0cilment col\u00b7locades i retirades, proporcionant una protecci\u00f3 efica\u00e7 contra la calor.<\/span><\/p>\n<p><u>ProTech <\/u><\/p>\n<p><span style=\"font-weight: 400;\">Aquest sistema ofereix diversos beneficis:<\/span>:<\/p>\n<ul>\n<li>Protecci\u00f3 personal<\/li>\n<li>Accessibilitat i manteniment<\/li>\n<li>Efici\u00e8ncia energ\u00e8tica<\/li>\n<li>Adaptabilitat i versatilitat<\/li>\n<\/ul>\n<p>[\/vc_column_text][\/vc_column_inner][\/vc_row_inner][\/vc_column][\/vc_row][vc_row full_width=&#8221;stretch_row_content&#8221; disable_element=&#8221;yes&#8221; el_class=&#8221;section&#8211;border&#8221; css=&#8221;.vc_custom_1713959166435{padding-bottom: 30px !important;background-color: #f5f7fa !important;}&#8221;][vc_column][vc_row_inner][vc_column_inner width=&#8221;1\/2&#8243;][vc_raw_html]PGRpdiBjbGFzcz0ic2VydmljZS1saXN0IiBzdHlsZT0iZGlzcGxheTpmbGV4Ij4KICA8ZGl2IGNsYXNzPSJpY29uLXdyYXBwZXIiPgogICAgPGltZyBzcmM9Ii93cC1jb250ZW50L3VwbG9hZHMvaWNvbm9zL3Byb3llY3RvLnN2ZyIgYWx0PSJBdmF0YXIiIGNsYXNzPSJzZXJ2aWNlLWljb24iPgogIDwvZGl2PgogIDxkaXYgY2xhc3M9ImNvbnRlbnQiPgogICAgICA8aDY+VHJhbWl0YWNpw7NuIENBRVM8L2g2PgogICAgICA8cD5TdWJ2ZW5jaW9uZXMgeSBjZXJ0aWZpY2Fkb3MgZGUgYWhvcnJvIGVuZXJnw6l0aWNvIChDQUUpLiA8L3A+CiAgPC9kaXY+CjwvZGl2Pg==[\/vc_raw_html][\/vc_column_inner][vc_column_inner width=&#8221;1\/2&#8243;][vc_raw_html]PGRpdiBjbGFzcz0ic2VydmljZS1saXN0IiBzdHlsZT0iZGlzcGxheTpmbGV4Ij4KICA8ZGl2IGNsYXNzPSJpY29uLXdyYXBwZXIiPgogICAgPGltZyBzcmM9Ii93cC1jb250ZW50L3VwbG9hZHMvaWNvbm9zL2luZ2VuaWVyaWEuc3ZnIiBhbHQ9IkF2YXRhciIgY2xhc3M9InNlcnZpY2UtaWNvbiI+CiAgPC9kaXY+CiAgPGRpdiBjbGFzcz0iY29udGVudCI+CiAgICAgIDxoNj5Db25zdWx0b3LDrWEgdMOpY25pY2EgPC9oNj4KICAgICAgPHA+IFByb3llY3RvcyBkZSBpbm5vdmFjacOzbiB5IGFzZXNvcmFtaWVudG8uPC9wPgogIDwvZGl2Pgo8L2Rpdj4=[\/vc_raw_html][\/vc_column_inner][\/vc_row_inner][vc_row_inner][vc_column_inner width=&#8221;1\/2&#8243;][vc_raw_html]PGRpdiBjbGFzcz0ic2VydmljZS1saXN0IiBzdHlsZT0iZGlzcGxheTpmbGV4Ij4KICA8ZGl2IGNsYXNzPSJpY29uLXdyYXBwZXIiPgogICAgPGltZyBzcmM9Ii93cC1jb250ZW50L3VwbG9hZHMvaWNvbm9zL2F1ZGl0b3JpYS5zdmciIGFsdD0iQXZhdGFyIiBjbGFzcz0ic2VydmljZS1pY29uIj4KICA8L2Rpdj4KICA8ZGl2IGNsYXNzPSJjb250ZW50Ij4KICAgICAgPGg2PkZvcm1hY2nDs24gPC9oNj4KICAgICAgPHA+UHJvZ3JhbWFzIGRlIGZvcm1hY2nDs24gb24tc2l0ZSwgb2ZmLXNpdGUgeSBvbi1saW5lLiA8L3A+CiAgPC9kaXY+CjwvZGl2Pg==[\/vc_raw_html][\/vc_column_inner][vc_column_inner width=&#8221;1\/2&#8243;][\/vc_column_inner][\/vc_row_inner][\/vc_column][\/vc_row][vc_row full_width=&#8221;stretch_row_content&#8221; disable_element=&#8221;yes&#8221; el_class=&#8221;section&#8211;border&#8221; css=&#8221;.vc_custom_1713436243997{background-color: #f5f7fa !important;}&#8221;][vc_column][vc_row_inner css=&#8221;.vc_custom_1709548583648{margin-right: 15px !important;margin-left: 15px !important;border-top-width: 1px !important;border-top-color: #e8e8e8 !important;border-top-style: solid !important;}&#8221;][vc_column_inner width=&#8221;1\/3&#8243;][vc_raw_html]PGRpdiBjbGFzcz0iY29udGFpbmVyIj4KICA8aW1nIHNyYz0iL3dwLWNvbnRlbnQvdXBsb2Fkcy9pY29ub3MvcHJveWVjdG8uc3ZnIiBhbHQ9IkF2YXRhciIgY2xhc3M9ImltYWdlIj4KICA8ZGl2IGNsYXNzPSJvdmVybGF5Ij4KICAgIDxkaXYgY2xhc3M9InRleHQiPjxoNj5QTUMg4oCTIFByb3llY3RvIG1lam9yYSBjb250aW51YTwvaDY+CjxwPkRpc2XDsW8sIGVqZWN1Y2nDs24geSBwdWVzdGEgZW4gbWFyY2hhIGRlIHByb3llY3RvcyBkZSBvcHRpbWl6YWNpw7NuLCBkZXNjYXJib25pemFjacOzbiB5IGFob3JybyBlbmVyZ8OpdGljby48L3A+CjwvZGl2PgogIDwvZGl2Pgo8L2Rpdj4=[\/vc_raw_html][\/vc_column_inner][vc_column_inner width=&#8221;1\/3&#8243; css=&#8221;.vc_custom_1713252630178{border-left-width: 1px !important;border-left-color: #e8e8e8 !important;border-left-style: solid !important;}&#8221;][vc_raw_html]PGRpdiBjbGFzcz0iY29udGFpbmVyIj4KICA8aW1nIHNyYz0iaHR0cDovL3BsYWNlaG9sZC5pdC8yMDB4MjAwLmpwZyIgYWx0PSJBdmF0YXIiIGNsYXNzPSJpbWFnZSI+CiAgPGRpdiBjbGFzcz0ib3ZlcmxheSI+CiAgICA8ZGl2IGNsYXNzPSJ0ZXh0Ij48aDY+SW5nZW5pZXLDrWEgY29uY2VwdHVhbDwvaDY+CjxwPkRpc2XDsW8gZGUgcHJvY2Vzb3MsIGluZ2VuaWVyw61hIGLDoXNpY2EsIGluZ2VuaWVyw61hIGRlIGRldGFsbGUgeSBQcm9qZWN0IE1hbmFnZW1lbnQuCjwvcD48L2Rpdj4KICA8L2Rpdj4KPC9kaXY+[\/vc_raw_html][\/vc_column_inner][vc_column_inner el_class=&#8221;mobile-right-column&#8221; width=&#8221;1\/3&#8243; css=&#8221;.vc_custom_1713253244175{border-left-width: 1px !important;border-left-color: #e8e8e8 !important;border-left-style: solid !important;}&#8221;][vc_raw_html]PGRpdiBjbGFzcz0iY29udGFpbmVyIj4KICA8aW1nIHNyYz0iaHR0cDovL3BsYWNlaG9sZC5pdC8yMDB4MjAwLmpwZyIgYWx0PSJBdmF0YXIiIGNsYXNzPSJpbWFnZSI+CiAgPGRpdiBjbGFzcz0ib3ZlcmxheSI+CiAgICA8ZGl2IGNsYXNzPSJ0ZXh0Ij48aDY+QXVkaXRvcmlhcyBlbmVyZ8OpdGljYXM8L2g2Pgo8cD5Fc3R1ZGlvcyAzNjDCuiBkZWwgc2lzdGVtYSBkZSB2YXBvciB5IGNvbmRlbnNhZG9zLjwvcD48L2Rpdj4KICA8L2Rpdj4KPC9kaXY+[\/vc_raw_html][\/vc_column_inner][\/vc_row_inner][vc_row_inner css=&#8221;.vc_custom_1709548583648{margin-right: 15px !important;margin-left: 15px !important;border-top-width: 1px !important;border-top-color: #e8e8e8 !important;border-top-style: solid !important;}&#8221;][vc_column_inner width=&#8221;1\/3&#8243;][vc_raw_html]PGRpdiBjbGFzcz0iY29udGFpbmVyIj4KICA8aW1nIHNyYz0iaHR0cDovL3BsYWNlaG9sZC5pdC8yMDB4MjAwLmpwZyIgYWx0PSJBdmF0YXIiIGNsYXNzPSJpbWFnZSI+CiAgPGRpdiBjbGFzcz0ib3ZlcmxheSI+CiAgICA8ZGl2IGNsYXNzPSJ0ZXh0Ij48aDY+UHJveWVjdG9zIGxsYXZlIGVuIG1hbm88L2g2Pgo8cD5FamVjdWNpw7NuIGludGVncmFsIGRlIHByb3llY3RvcyBkZSB2YXBvciB5IGNvbmRlbnNhZG8sIHNlZ8O6biBsYXMgbmVjZXNpZGFkZXMgZGVsIGNsaWVudGUuCjwvcD4KPC9kaXY+CiAgPC9kaXY+CjwvZGl2Pg==[\/vc_raw_html][\/vc_column_inner][vc_column_inner width=&#8221;1\/3&#8243; css=&#8221;.vc_custom_1713252630178{border-left-width: 1px !important;border-left-color: #e8e8e8 !important;border-left-style: solid !important;}&#8221;][vc_raw_html]PGRpdiBjbGFzcz0iY29udGFpbmVyIj4KICA8aW1nIHNyYz0iaHR0cDovL3BsYWNlaG9sZC5pdC8yMDB4MjAwLmpwZyIgYWx0PSJBdmF0YXIiIGNsYXNzPSJpbWFnZSI+CiAgPGRpdiBjbGFzcz0ib3ZlcmxheSI+CiAgICA8ZGl2IGNsYXNzPSJ0ZXh0Ij48aDY+SW5nZW5pZXLDrWEgY29uY2VwdHVhbDwvaDY+CjxwPkRpc2XDsW8gZGUgcHJvY2Vzb3MsIGluZ2VuaWVyw61hIGLDoXNpY2EsIGluZ2VuaWVyw61hIGRlIGRldGFsbGUgeSBQcm9qZWN0IE1hbmFnZW1lbnQuCjwvcD48L2Rpdj4KICA8L2Rpdj4KPC9kaXY+[\/vc_raw_html][\/vc_column_inner][vc_column_inner el_class=&#8221;mobile-right-column&#8221; width=&#8221;1\/3&#8243; css=&#8221;.vc_custom_1713253244175{border-left-width: 1px !important;border-left-color: #e8e8e8 !important;border-left-style: solid !important;}&#8221;][\/vc_column_inner][\/vc_row_inner][\/vc_column][\/vc_row]<\/p>\n<\/section>","protected":false},"excerpt":{"rendered":"<p>[vc_row full_width=&#8221;stretch_row_content&#8221; content_placement=&#8221;middle&#8221; css=&#8221;.vc_custom_1709742282118{margin-bottom: 60px !important;background-position: center !important;background-repeat: no-repeat !important;background-size: cover !important;}&#8221;][vc_column][vc_row_inner css=&#8221;.vc_custom_1709724702418{margin-left: 20px !important;}&#8221;][vc_column_inner][vc_column_text] Serveis: Tecnologia [\/vc_column_text][\/vc_column_inner][\/vc_row_inner][\/vc_column][\/vc_row][vc_row full_width=&#8221;stretch_row_content&#8221; css=&#8221;.vc_custom_1713761974252{padding-top: 150px !important;padding-bottom: 150px !important;background-image: url(https:\/\/avcsteam.flandecoco.net\/wp-content\/uploads\/2024\/04\/engineer-holding-hard-hat-construction-worker-professional-safety-work-industry-building-person-manager-service-scaled.jpg?id=8686) !important;background-position: center !important;background-repeat: no-repeat !important;background-size: cover !important;}&#8221;][vc_column][\/vc_column][\/vc_row][vc_row full_width=&#8221;stretch_row_content&#8221; el_class=&#8221;section&#8211;border&#8221;][vc_column][vc_row_inner css=&#8221;.vc_custom_1709548583648{margin-right: 15px !important;margin-left: 15px !important;border-top-width: 1px [&hellip;]<\/p>\n","protected":false},"author":1,"featured_media":0,"parent":9084,"menu_order":0,"comment_status":"closed","ping_status":"closed","template":"","meta":{"footnotes":""},"class_list":["post-9099","page","type-page","status-publish","hentry"],"_links":{"self":[{"href":"https:\/\/avcsteam.flandecoco.net\/ca\/wp-json\/wp\/v2\/pages\/9099","targetHints":{"allow":["GET"]}}],"collection":[{"href":"https:\/\/avcsteam.flandecoco.net\/ca\/wp-json\/wp\/v2\/pages"}],"about":[{"href":"https:\/\/avcsteam.flandecoco.net\/ca\/wp-json\/wp\/v2\/types\/page"}],"author":[{"embeddable":true,"href":"https:\/\/avcsteam.flandecoco.net\/ca\/wp-json\/wp\/v2\/users\/1"}],"replies":[{"embeddable":true,"href":"https:\/\/avcsteam.flandecoco.net\/ca\/wp-json\/wp\/v2\/comments?post=9099"}],"version-history":[{"count":4,"href":"https:\/\/avcsteam.flandecoco.net\/ca\/wp-json\/wp\/v2\/pages\/9099\/revisions"}],"predecessor-version":[{"id":9153,"href":"https:\/\/avcsteam.flandecoco.net\/ca\/wp-json\/wp\/v2\/pages\/9099\/revisions\/9153"}],"up":[{"embeddable":true,"href":"https:\/\/avcsteam.flandecoco.net\/ca\/wp-json\/wp\/v2\/pages\/9084"}],"wp:attachment":[{"href":"https:\/\/avcsteam.flandecoco.net\/ca\/wp-json\/wp\/v2\/media?parent=9099"}],"curies":[{"name":"wp","href":"https:\/\/api.w.org\/{rel}","templated":true}]}}